{"id":102,"date":"2020-11-06T12:00:51","date_gmt":"2020-11-06T12:00:51","guid":{"rendered":"http:\/\/wp.physio-muenster.com\/?page_id=102"},"modified":"2020-11-06T12:00:51","modified_gmt":"2020-11-06T12:00:51","slug":"triggerpunkttherapie","status":"publish","type":"page","link":"https:\/\/www.physio-muenster.com\/?page_id=102","title":{"rendered":"Triggerpunkttherapie"},"content":{"rendered":"<p>Triggerpunkte oder Tenderpunkte stellen sich als Muskelregionen mit lokal erh\u00f6hter Spannung dar. Sie sind keine Erkrankung der Muskulatur, sondern Ausdruck einer inkoordinierten Muskelt\u00e4tigkeit und somit einer Dysfunktion z.B. kontrakte, \u00fcberdehnte oder \u00fcberprogrammierte Muskeln, Sehnen oder B\u00e4nder.<\/p>\n<p>Sie haben eine erh\u00f6hte Reizbarkeit und sind Ausl\u00f6ser f\u00fcr ausstrahlende Schmerzen in entferntere K\u00f6rperregionen. Durch gezieltes Bearbeiten dieser Punkte l\u00e4sst sich die Muskulatur detonisieren und man erreicht einen positiven Einfluss auf die Schmerzproblematik.<\/p>\n","protected":false},"excerpt":{"rendered":"<p>Triggerpunkte oder Tenderpunkte stellen sich als Muskelregionen mit lokal erh\u00f6hter Spannung dar. Sie sind keine Erkrankung der Muskulatur, sondern Ausdruck einer inkoordinierten Muskelt\u00e4tigkeit und somit einer Dysfunktion z.B. kontrakte, \u00fcberdehnte oder \u00fcberprogrammierte Muskeln, Sehnen oder B\u00e4nder. Sie haben eine erh\u00f6hte Reizbarkeit und sind Ausl\u00f6ser f\u00fcr ausstrahlende Schmerzen in entferntere K\u00f6rperregionen. Durch gezieltes Bearbeiten dieser Punkte [&hellip;]<\/p>\n","protected":false},"author":1,"featured_media":0,"parent":82,"menu_order":0,"comment_status":"closed","ping_status":"closed","template":"","meta":[],"yoast_head":"<!-- This site is optimized with the Yoast SEO plugin v19.4 - https:\/\/yoast.com\/wordpress\/plugins\/seo\/ -->\n<title>Triggerpunkttherapie - Krankengymnastik M\u00fcnster<\/title>\n<meta name=\"robots\" content=\"index, follow, max-snippet:-1, max-image-preview:large, max-video-preview:-1\" \/>\n<link rel=\"canonical\" href=\"https:\/\/www.physio-muenster.com\/?page_id=102\" \/>\n<meta property=\"og:locale\" content=\"de_DE\" \/>\n<meta property=\"og:type\" content=\"article\" \/>\n<meta property=\"og:title\" content=\"Triggerpunkttherapie - Krankengymnastik M\u00fcnster\" \/>\n<meta property=\"og:description\" content=\"Triggerpunkte oder Tenderpunkte stellen sich als Muskelregionen mit lokal erh\u00f6hter Spannung dar. Sie sind keine Erkrankung der Muskulatur, sondern Ausdruck einer inkoordinierten Muskelt\u00e4tigkeit und somit einer Dysfunktion z.B. kontrakte, \u00fcberdehnte oder \u00fcberprogrammierte Muskeln, Sehnen oder B\u00e4nder. Sie haben eine erh\u00f6hte Reizbarkeit und sind Ausl\u00f6ser f\u00fcr ausstrahlende Schmerzen in entferntere K\u00f6rperregionen. Durch gezieltes Bearbeiten dieser Punkte [&hellip;]\" \/>\n<meta property=\"og:url\" content=\"https:\/\/www.physio-muenster.com\/?page_id=102\" \/>\n<meta property=\"og:site_name\" content=\"Krankengymnastik M\u00fcnster\" \/>\n<meta name=\"twitter:card\" content=\"summary_large_image\" \/>\n<script type=\"application\/ld+json\" class=\"yoast-schema-graph\">{\"@context\":\"https:\/\/schema.org\",\"@graph\":[{\"@type\":\"Organization\",\"@id\":\"https:\/\/www.physio-muenster.com\/#organization\",\"name\":\"Krankengymnastik M\u00fcnster\",\"url\":\"https:\/\/www.physio-muenster.com\/\",\"sameAs\":[],\"logo\":{\"@type\":\"ImageObject\",\"inLanguage\":\"de\",\"@id\":\"https:\/\/www.physio-muenster.com\/#\/schema\/logo\/image\/\",\"url\":\"https:\/\/www.physio-muenster.com\/wp-content\/uploads\/2020\/08\/cropped-logo-1.jpg\",\"contentUrl\":\"https:\/\/www.physio-muenster.com\/wp-content\/uploads\/2020\/08\/cropped-logo-1.jpg\",\"width\":150,\"height\":150,\"caption\":\"Krankengymnastik M\u00fcnster\"},\"image\":{\"@id\":\"https:\/\/www.physio-muenster.com\/#\/schema\/logo\/image\/\"}},{\"@type\":\"WebSite\",\"@id\":\"https:\/\/www.physio-muenster.com\/#website\",\"url\":\"https:\/\/www.physio-muenster.com\/\",\"name\":\"Krankengymnastik M\u00fcnster\",\"description\":\"Angelica Hanle - Petra Nolte\",\"publisher\":{\"@id\":\"https:\/\/www.physio-muenster.com\/#organization\"},\"potentialAction\":[{\"@type\":\"SearchAction\",\"target\":{\"@type\":\"EntryPoint\",\"urlTemplate\":\"https:\/\/www.physio-muenster.com\/?s={search_term_string}\"},\"query-input\":\"required name=search_term_string\"}],\"inLanguage\":\"de\"},{\"@type\":\"WebPage\",\"@id\":\"https:\/\/www.physio-muenster.com\/?page_id=102\",\"url\":\"https:\/\/www.physio-muenster.com\/?page_id=102\",\"name\":\"Triggerpunkttherapie - Krankengymnastik M\u00fcnster\",\"isPartOf\":{\"@id\":\"https:\/\/www.physio-muenster.com\/#website\"},\"datePublished\":\"2020-11-06T12:00:51+00:00\",\"dateModified\":\"2020-11-06T12:00:51+00:00\",\"breadcrumb\":{\"@id\":\"https:\/\/www.physio-muenster.com\/?page_id=102#breadcrumb\"},\"inLanguage\":\"de\",\"potentialAction\":[{\"@type\":\"ReadAction\",\"target\":[\"https:\/\/www.physio-muenster.com\/?page_id=102\"]}]},{\"@type\":\"BreadcrumbList\",\"@id\":\"https:\/\/www.physio-muenster.com\/?page_id=102#breadcrumb\",\"itemListElement\":[{\"@type\":\"ListItem\",\"position\":1,\"name\":\"Startseite\",\"item\":\"https:\/\/www.physio-muenster.com\/\"},{\"@type\":\"ListItem\",\"position\":2,\"name\":\"Unsere Behandlungsmethoden\",\"item\":\"https:\/\/www.physio-muenster.com\/?page_id=20\"},{\"@type\":\"ListItem\",\"position\":3,\"name\":\"Klassische Therapien\",\"item\":\"https:\/\/www.physio-muenster.com\/?page_id=82\"},{\"@type\":\"ListItem\",\"position\":4,\"name\":\"Triggerpunkttherapie\"}]}]}<\/script>\n<!-- \/ Yoast SEO plugin. -->","yoast_head_json":{"title":"Triggerpunkttherapie - Krankengymnastik M\u00fcnster","robots":{"index":"index","follow":"follow","max-snippet":"max-snippet:-1","max-image-preview":"max-image-preview:large","max-video-preview":"max-video-preview:-1"},"canonical":"https:\/\/www.physio-muenster.com\/?page_id=102","og_locale":"de_DE","og_type":"article","og_title":"Triggerpunkttherapie - Krankengymnastik M\u00fcnster","og_description":"Triggerpunkte oder Tenderpunkte stellen sich als Muskelregionen mit lokal erh\u00f6hter Spannung dar. Sie sind keine Erkrankung der Muskulatur, sondern Ausdruck einer inkoordinierten Muskelt\u00e4tigkeit und somit einer Dysfunktion z.B. kontrakte, \u00fcberdehnte oder \u00fcberprogrammierte Muskeln, Sehnen oder B\u00e4nder. Sie haben eine erh\u00f6hte Reizbarkeit und sind Ausl\u00f6ser f\u00fcr ausstrahlende Schmerzen in entferntere K\u00f6rperregionen. Durch gezieltes Bearbeiten dieser Punkte [&hellip;]","og_url":"https:\/\/www.physio-muenster.com\/?page_id=102","og_site_name":"Krankengymnastik M\u00fcnster","twitter_card":"summary_large_image","schema":{"@context":"https:\/\/schema.org","@graph":[{"@type":"Organization","@id":"https:\/\/www.physio-muenster.com\/#organization","name":"Krankengymnastik M\u00fcnster","url":"https:\/\/www.physio-muenster.com\/","sameAs":[],"logo":{"@type":"ImageObject","inLanguage":"de","@id":"https:\/\/www.physio-muenster.com\/#\/schema\/logo\/image\/","url":"https:\/\/www.physio-muenster.com\/wp-content\/uploads\/2020\/08\/cropped-logo-1.jpg","contentUrl":"https:\/\/www.physio-muenster.com\/wp-content\/uploads\/2020\/08\/cropped-logo-1.jpg","width":150,"height":150,"caption":"Krankengymnastik M\u00fcnster"},"image":{"@id":"https:\/\/www.physio-muenster.com\/#\/schema\/logo\/image\/"}},{"@type":"WebSite","@id":"https:\/\/www.physio-muenster.com\/#website","url":"https:\/\/www.physio-muenster.com\/","name":"Krankengymnastik M\u00fcnster","description":"Angelica Hanle - Petra Nolte","publisher":{"@id":"https:\/\/www.physio-muenster.com\/#organization"},"potentialAction":[{"@type":"SearchAction","target":{"@type":"EntryPoint","urlTemplate":"https:\/\/www.physio-muenster.com\/?s={search_term_string}"},"query-input":"required name=search_term_string"}],"inLanguage":"de"},{"@type":"WebPage","@id":"https:\/\/www.physio-muenster.com\/?page_id=102","url":"https:\/\/www.physio-muenster.com\/?page_id=102","name":"Triggerpunkttherapie - Krankengymnastik M\u00fcnster","isPartOf":{"@id":"https:\/\/www.physio-muenster.com\/#website"},"datePublished":"2020-11-06T12:00:51+00:00","dateModified":"2020-11-06T12:00:51+00:00","breadcrumb":{"@id":"https:\/\/www.physio-muenster.com\/?page_id=102#breadcrumb"},"inLanguage":"de","potentialAction":[{"@type":"ReadAction","target":["https:\/\/www.physio-muenster.com\/?page_id=102"]}]},{"@type":"BreadcrumbList","@id":"https:\/\/www.physio-muenster.com\/?page_id=102#breadcrumb","itemListElement":[{"@type":"ListItem","position":1,"name":"Startseite","item":"https:\/\/www.physio-muenster.com\/"},{"@type":"ListItem","position":2,"name":"Unsere Behandlungsmethoden","item":"https:\/\/www.physio-muenster.com\/?page_id=20"},{"@type":"ListItem","position":3,"name":"Klassische Therapien","item":"https:\/\/www.physio-muenster.com\/?page_id=82"},{"@type":"ListItem","position":4,"name":"Triggerpunkttherapie"}]}]}},"_links":{"self":[{"href":"https:\/\/www.physio-muenster.com\/index.php?rest_route=\/wp\/v2\/pages\/102"}],"collection":[{"href":"https:\/\/www.physio-muenster.com\/index.php?rest_route=\/wp\/v2\/pages"}],"about":[{"href":"https:\/\/www.physio-muenster.com\/index.php?rest_route=\/wp\/v2\/types\/page"}],"author":[{"embeddable":true,"href":"https:\/\/www.physio-muenster.com\/index.php?rest_route=\/wp\/v2\/users\/1"}],"replies":[{"embeddable":true,"href":"https:\/\/www.physio-muenster.com\/index.php?rest_route=%2Fwp%2Fv2%2Fcomments&post=102"}],"version-history":[{"count":1,"href":"https:\/\/www.physio-muenster.com\/index.php?rest_route=\/wp\/v2\/pages\/102\/revisions"}],"predecessor-version":[{"id":103,"href":"https:\/\/www.physio-muenster.com\/index.php?rest_route=\/wp\/v2\/pages\/102\/revisions\/103"}],"up":[{"embeddable":true,"href":"https:\/\/www.physio-muenster.com\/index.php?rest_route=\/wp\/v2\/pages\/82"}],"wp:attachment":[{"href":"https:\/\/www.physio-muenster.com\/index.php?rest_route=%2Fwp%2Fv2%2Fmedia&parent=102"}],"curies":[{"name":"wp","href":"https:\/\/api.w.org\/{rel}","templated":true}]}}