{"id":129,"date":"2020-11-06T12:09:04","date_gmt":"2020-11-06T12:09:04","guid":{"rendered":"http:\/\/wp.physio-muenster.com\/?page_id=129"},"modified":"2020-11-06T12:09:04","modified_gmt":"2020-11-06T12:09:04","slug":"osteopathische-techniken","status":"publish","type":"page","link":"https:\/\/www.physio-muenster.com\/?page_id=129","title":{"rendered":"Osteopathische Techniken"},"content":{"rendered":"<p>Der K\u00f6rper funktioniert durch seine F\u00e4higkeit, Bewegungen auszuf\u00fchren. Hierbei handelt es sich nicht nur um die Gelenkbewegungen, sondern auch um feine rhythmische und unbewusste Bewegungen aller K\u00f6rperstrukturen und Organe. Zum Beispiel die Rhythmik von Herz und Lunge, die Peristaltik des Darmes, die Bewegung des Blutes, des Lymphstromes und der Gehirnfl\u00fcssigkeit.<\/p>\n<p>Durch Haltungsfehler, Wirbels\u00e4ulenprobleme, St\u00f6rungen in der kindlichen Entwicklung, Narben oder traumatische Erlebnisse (z.B. Unf\u00e4lle, Operationen, starke emotionale Schocks oder Geburtstraumata) kann es zu Funktionsst\u00f6rungen der Organe, Verspannungen in den Organaufh\u00e4ngungen und chronischen, lokalen Symptomen der \u00dcberlastung kommen. Durch sehr komplexe osteopathische Techniken werden die nat\u00fcrlichen Bewegungen der K\u00f6rperstrukturen und Organe stimuliert und ihre Position im K\u00f6rper kann sich neu ausrichten.<\/p>\n","protected":false},"excerpt":{"rendered":"<p>Der K\u00f6rper funktioniert durch seine F\u00e4higkeit, Bewegungen auszuf\u00fchren. Hierbei handelt es sich nicht nur um die Gelenkbewegungen, sondern auch um feine rhythmische und unbewusste Bewegungen aller K\u00f6rperstrukturen und Organe. Zum Beispiel die Rhythmik von Herz und Lunge, die Peristaltik des Darmes, die Bewegung des Blutes, des Lymphstromes und der Gehirnfl\u00fcssigkeit. Durch Haltungsfehler, Wirbels\u00e4ulenprobleme, St\u00f6rungen in [&hellip;]<\/p>\n","protected":false},"author":1,"featured_media":0,"parent":122,"menu_order":0,"comment_status":"closed","ping_status":"closed","template":"","meta":[],"yoast_head":"<!-- This site is optimized with the Yoast SEO plugin v19.4 - https:\/\/yoast.com\/wordpress\/plugins\/seo\/ -->\n<title>Osteopathische Techniken - Krankengymnastik M\u00fcnster<\/title>\n<meta name=\"robots\" content=\"index, follow, max-snippet:-1, max-image-preview:large, max-video-preview:-1\" \/>\n<link rel=\"canonical\" href=\"https:\/\/www.physio-muenster.com\/?page_id=129\" \/>\n<meta property=\"og:locale\" content=\"de_DE\" \/>\n<meta property=\"og:type\" content=\"article\" \/>\n<meta property=\"og:title\" content=\"Osteopathische Techniken - Krankengymnastik M\u00fcnster\" \/>\n<meta property=\"og:description\" content=\"Der K\u00f6rper funktioniert durch seine F\u00e4higkeit, Bewegungen auszuf\u00fchren. Hierbei handelt es sich nicht nur um die Gelenkbewegungen, sondern auch um feine rhythmische und unbewusste Bewegungen aller K\u00f6rperstrukturen und Organe. Zum Beispiel die Rhythmik von Herz und Lunge, die Peristaltik des Darmes, die Bewegung des Blutes, des Lymphstromes und der Gehirnfl\u00fcssigkeit. Durch Haltungsfehler, Wirbels\u00e4ulenprobleme, St\u00f6rungen in [&hellip;]\" \/>\n<meta property=\"og:url\" content=\"https:\/\/www.physio-muenster.com\/?page_id=129\" \/>\n<meta property=\"og:site_name\" content=\"Krankengymnastik M\u00fcnster\" \/>\n<meta name=\"twitter:card\" content=\"summary_large_image\" \/>\n<meta name=\"twitter:label1\" content=\"Gesch\u00e4tzte Lesezeit\" \/>\n\t<meta name=\"twitter:data1\" content=\"1\u00a0Minute\" \/>\n<script type=\"application\/ld+json\" class=\"yoast-schema-graph\">{\"@context\":\"https:\/\/schema.org\",\"@graph\":[{\"@type\":\"Organization\",\"@id\":\"https:\/\/www.physio-muenster.com\/#organization\",\"name\":\"Krankengymnastik M\u00fcnster\",\"url\":\"https:\/\/www.physio-muenster.com\/\",\"sameAs\":[],\"logo\":{\"@type\":\"ImageObject\",\"inLanguage\":\"de\",\"@id\":\"https:\/\/www.physio-muenster.com\/#\/schema\/logo\/image\/\",\"url\":\"https:\/\/www.physio-muenster.com\/wp-content\/uploads\/2020\/08\/cropped-logo-1.jpg\",\"contentUrl\":\"https:\/\/www.physio-muenster.com\/wp-content\/uploads\/2020\/08\/cropped-logo-1.jpg\",\"width\":150,\"height\":150,\"caption\":\"Krankengymnastik M\u00fcnster\"},\"image\":{\"@id\":\"https:\/\/www.physio-muenster.com\/#\/schema\/logo\/image\/\"}},{\"@type\":\"WebSite\",\"@id\":\"https:\/\/www.physio-muenster.com\/#website\",\"url\":\"https:\/\/www.physio-muenster.com\/\",\"name\":\"Krankengymnastik M\u00fcnster\",\"description\":\"Angelica Hanle - Petra Nolte\",\"publisher\":{\"@id\":\"https:\/\/www.physio-muenster.com\/#organization\"},\"potentialAction\":[{\"@type\":\"SearchAction\",\"target\":{\"@type\":\"EntryPoint\",\"urlTemplate\":\"https:\/\/www.physio-muenster.com\/?s={search_term_string}\"},\"query-input\":\"required name=search_term_string\"}],\"inLanguage\":\"de\"},{\"@type\":\"WebPage\",\"@id\":\"https:\/\/www.physio-muenster.com\/?page_id=129\",\"url\":\"https:\/\/www.physio-muenster.com\/?page_id=129\",\"name\":\"Osteopathische Techniken - Krankengymnastik M\u00fcnster\",\"isPartOf\":{\"@id\":\"https:\/\/www.physio-muenster.com\/#website\"},\"datePublished\":\"2020-11-06T12:09:04+00:00\",\"dateModified\":\"2020-11-06T12:09:04+00:00\",\"breadcrumb\":{\"@id\":\"https:\/\/www.physio-muenster.com\/?page_id=129#breadcrumb\"},\"inLanguage\":\"de\",\"potentialAction\":[{\"@type\":\"ReadAction\",\"target\":[\"https:\/\/www.physio-muenster.com\/?page_id=129\"]}]},{\"@type\":\"BreadcrumbList\",\"@id\":\"https:\/\/www.physio-muenster.com\/?page_id=129#breadcrumb\",\"itemListElement\":[{\"@type\":\"ListItem\",\"position\":1,\"name\":\"Startseite\",\"item\":\"https:\/\/www.physio-muenster.com\/\"},{\"@type\":\"ListItem\",\"position\":2,\"name\":\"Unsere Behandlungsmethoden\",\"item\":\"https:\/\/www.physio-muenster.com\/?page_id=20\"},{\"@type\":\"ListItem\",\"position\":3,\"name\":\"Ganzheitliche Therapien\",\"item\":\"https:\/\/www.physio-muenster.com\/?page_id=122\"},{\"@type\":\"ListItem\",\"position\":4,\"name\":\"Osteopathische Techniken\"}]}]}<\/script>\n<!-- \/ Yoast SEO plugin. -->","yoast_head_json":{"title":"Osteopathische Techniken - Krankengymnastik M\u00fcnster","robots":{"index":"index","follow":"follow","max-snippet":"max-snippet:-1","max-image-preview":"max-image-preview:large","max-video-preview":"max-video-preview:-1"},"canonical":"https:\/\/www.physio-muenster.com\/?page_id=129","og_locale":"de_DE","og_type":"article","og_title":"Osteopathische Techniken - Krankengymnastik M\u00fcnster","og_description":"Der K\u00f6rper funktioniert durch seine F\u00e4higkeit, Bewegungen auszuf\u00fchren. Hierbei handelt es sich nicht nur um die Gelenkbewegungen, sondern auch um feine rhythmische und unbewusste Bewegungen aller K\u00f6rperstrukturen und Organe. Zum Beispiel die Rhythmik von Herz und Lunge, die Peristaltik des Darmes, die Bewegung des Blutes, des Lymphstromes und der Gehirnfl\u00fcssigkeit. Durch Haltungsfehler, Wirbels\u00e4ulenprobleme, St\u00f6rungen in [&hellip;]","og_url":"https:\/\/www.physio-muenster.com\/?page_id=129","og_site_name":"Krankengymnastik M\u00fcnster","twitter_card":"summary_large_image","twitter_misc":{"Gesch\u00e4tzte Lesezeit":"1\u00a0Minute"},"schema":{"@context":"https:\/\/schema.org","@graph":[{"@type":"Organization","@id":"https:\/\/www.physio-muenster.com\/#organization","name":"Krankengymnastik M\u00fcnster","url":"https:\/\/www.physio-muenster.com\/","sameAs":[],"logo":{"@type":"ImageObject","inLanguage":"de","@id":"https:\/\/www.physio-muenster.com\/#\/schema\/logo\/image\/","url":"https:\/\/www.physio-muenster.com\/wp-content\/uploads\/2020\/08\/cropped-logo-1.jpg","contentUrl":"https:\/\/www.physio-muenster.com\/wp-content\/uploads\/2020\/08\/cropped-logo-1.jpg","width":150,"height":150,"caption":"Krankengymnastik M\u00fcnster"},"image":{"@id":"https:\/\/www.physio-muenster.com\/#\/schema\/logo\/image\/"}},{"@type":"WebSite","@id":"https:\/\/www.physio-muenster.com\/#website","url":"https:\/\/www.physio-muenster.com\/","name":"Krankengymnastik M\u00fcnster","description":"Angelica Hanle - Petra Nolte","publisher":{"@id":"https:\/\/www.physio-muenster.com\/#organization"},"potentialAction":[{"@type":"SearchAction","target":{"@type":"EntryPoint","urlTemplate":"https:\/\/www.physio-muenster.com\/?s={search_term_string}"},"query-input":"required name=search_term_string"}],"inLanguage":"de"},{"@type":"WebPage","@id":"https:\/\/www.physio-muenster.com\/?page_id=129","url":"https:\/\/www.physio-muenster.com\/?page_id=129","name":"Osteopathische Techniken - Krankengymnastik M\u00fcnster","isPartOf":{"@id":"https:\/\/www.physio-muenster.com\/#website"},"datePublished":"2020-11-06T12:09:04+00:00","dateModified":"2020-11-06T12:09:04+00:00","breadcrumb":{"@id":"https:\/\/www.physio-muenster.com\/?page_id=129#breadcrumb"},"inLanguage":"de","potentialAction":[{"@type":"ReadAction","target":["https:\/\/www.physio-muenster.com\/?page_id=129"]}]},{"@type":"BreadcrumbList","@id":"https:\/\/www.physio-muenster.com\/?page_id=129#breadcrumb","itemListElement":[{"@type":"ListItem","position":1,"name":"Startseite","item":"https:\/\/www.physio-muenster.com\/"},{"@type":"ListItem","position":2,"name":"Unsere Behandlungsmethoden","item":"https:\/\/www.physio-muenster.com\/?page_id=20"},{"@type":"ListItem","position":3,"name":"Ganzheitliche Therapien","item":"https:\/\/www.physio-muenster.com\/?page_id=122"},{"@type":"ListItem","position":4,"name":"Osteopathische Techniken"}]}]}},"_links":{"self":[{"href":"https:\/\/www.physio-muenster.com\/index.php?rest_route=\/wp\/v2\/pages\/129"}],"collection":[{"href":"https:\/\/www.physio-muenster.com\/index.php?rest_route=\/wp\/v2\/pages"}],"about":[{"href":"https:\/\/www.physio-muenster.com\/index.php?rest_route=\/wp\/v2\/types\/page"}],"author":[{"embeddable":true,"href":"https:\/\/www.physio-muenster.com\/index.php?rest_route=\/wp\/v2\/users\/1"}],"replies":[{"embeddable":true,"href":"https:\/\/www.physio-muenster.com\/index.php?rest_route=%2Fwp%2Fv2%2Fcomments&post=129"}],"version-history":[{"count":1,"href":"https:\/\/www.physio-muenster.com\/index.php?rest_route=\/wp\/v2\/pages\/129\/revisions"}],"predecessor-version":[{"id":130,"href":"https:\/\/www.physio-muenster.com\/index.php?rest_route=\/wp\/v2\/pages\/129\/revisions\/130"}],"up":[{"embeddable":true,"href":"https:\/\/www.physio-muenster.com\/index.php?rest_route=\/wp\/v2\/pages\/122"}],"wp:attachment":[{"href":"https:\/\/www.physio-muenster.com\/index.php?rest_route=%2Fwp%2Fv2%2Fmedia&parent=129"}],"curies":[{"name":"wp","href":"https:\/\/api.w.org\/{rel}","templated":true}]}}