{"id":137,"date":"2020-11-06T12:10:21","date_gmt":"2020-11-06T12:10:21","guid":{"rendered":"http:\/\/wp.physio-muenster.com\/?page_id=137"},"modified":"2020-11-06T12:10:21","modified_gmt":"2020-11-06T12:10:21","slug":"ohr-akupressur","status":"publish","type":"page","link":"https:\/\/www.physio-muenster.com\/?page_id=137","title":{"rendered":"Ohr-Akupressur"},"content":{"rendered":"<p>Diese stammt urspr\u00fcnglich von der chinesischen Medizin ab. \u00c4hnlich wie bei Reflexzonen lassen sich Punkte oder Areale des Ohres bestimmten Organen und K\u00f6rperbereichen zuordnen. Unser Ohr spiegelt den umgedrehten Embryonalk\u00f6rper wieder.<\/p>\n<p>Akupressur ist die mildere Form der Akupunktur, bei der die Akupunkturpunkte durch Anpressen von St\u00e4bchen oder K\u00fcgelchen stimuliert werden. Besonders in der Schmerz- und der Suchttherapie lassen sich mit dieser pr\u00e4zisen und unkomplizierten Methode erstaunliche Ergebnisse feststellen.<\/p>\n","protected":false},"excerpt":{"rendered":"<p>Diese stammt urspr\u00fcnglich von der chinesischen Medizin ab. \u00c4hnlich wie bei Reflexzonen lassen sich Punkte oder Areale des Ohres bestimmten Organen und K\u00f6rperbereichen zuordnen. Unser Ohr spiegelt den umgedrehten Embryonalk\u00f6rper wieder. Akupressur ist die mildere Form der Akupunktur, bei der die Akupunkturpunkte durch Anpressen von St\u00e4bchen oder K\u00fcgelchen stimuliert werden. Besonders in der Schmerz- und [&hellip;]<\/p>\n","protected":false},"author":1,"featured_media":0,"parent":122,"menu_order":0,"comment_status":"closed","ping_status":"closed","template":"","meta":[],"yoast_head":"<!-- This site is optimized with the Yoast SEO plugin v19.4 - https:\/\/yoast.com\/wordpress\/plugins\/seo\/ -->\n<title>Ohr-Akupressur - Krankengymnastik M\u00fcnster<\/title>\n<meta name=\"robots\" content=\"index, follow, max-snippet:-1, max-image-preview:large, max-video-preview:-1\" \/>\n<link rel=\"canonical\" href=\"https:\/\/www.physio-muenster.com\/?page_id=137\" \/>\n<meta property=\"og:locale\" content=\"de_DE\" \/>\n<meta property=\"og:type\" content=\"article\" \/>\n<meta property=\"og:title\" content=\"Ohr-Akupressur - Krankengymnastik M\u00fcnster\" \/>\n<meta property=\"og:description\" content=\"Diese stammt urspr\u00fcnglich von der chinesischen Medizin ab. \u00c4hnlich wie bei Reflexzonen lassen sich Punkte oder Areale des Ohres bestimmten Organen und K\u00f6rperbereichen zuordnen. Unser Ohr spiegelt den umgedrehten Embryonalk\u00f6rper wieder. Akupressur ist die mildere Form der Akupunktur, bei der die Akupunkturpunkte durch Anpressen von St\u00e4bchen oder K\u00fcgelchen stimuliert werden. Besonders in der Schmerz- und [&hellip;]\" \/>\n<meta property=\"og:url\" content=\"https:\/\/www.physio-muenster.com\/?page_id=137\" \/>\n<meta property=\"og:site_name\" content=\"Krankengymnastik M\u00fcnster\" \/>\n<meta name=\"twitter:card\" content=\"summary_large_image\" \/>\n<script type=\"application\/ld+json\" class=\"yoast-schema-graph\">{\"@context\":\"https:\/\/schema.org\",\"@graph\":[{\"@type\":\"Organization\",\"@id\":\"https:\/\/www.physio-muenster.com\/#organization\",\"name\":\"Krankengymnastik M\u00fcnster\",\"url\":\"https:\/\/www.physio-muenster.com\/\",\"sameAs\":[],\"logo\":{\"@type\":\"ImageObject\",\"inLanguage\":\"de\",\"@id\":\"https:\/\/www.physio-muenster.com\/#\/schema\/logo\/image\/\",\"url\":\"https:\/\/www.physio-muenster.com\/wp-content\/uploads\/2020\/08\/cropped-logo-1.jpg\",\"contentUrl\":\"https:\/\/www.physio-muenster.com\/wp-content\/uploads\/2020\/08\/cropped-logo-1.jpg\",\"width\":150,\"height\":150,\"caption\":\"Krankengymnastik M\u00fcnster\"},\"image\":{\"@id\":\"https:\/\/www.physio-muenster.com\/#\/schema\/logo\/image\/\"}},{\"@type\":\"WebSite\",\"@id\":\"https:\/\/www.physio-muenster.com\/#website\",\"url\":\"https:\/\/www.physio-muenster.com\/\",\"name\":\"Krankengymnastik M\u00fcnster\",\"description\":\"Angelica Hanle - Petra Nolte\",\"publisher\":{\"@id\":\"https:\/\/www.physio-muenster.com\/#organization\"},\"potentialAction\":[{\"@type\":\"SearchAction\",\"target\":{\"@type\":\"EntryPoint\",\"urlTemplate\":\"https:\/\/www.physio-muenster.com\/?s={search_term_string}\"},\"query-input\":\"required name=search_term_string\"}],\"inLanguage\":\"de\"},{\"@type\":\"WebPage\",\"@id\":\"https:\/\/www.physio-muenster.com\/?page_id=137\",\"url\":\"https:\/\/www.physio-muenster.com\/?page_id=137\",\"name\":\"Ohr-Akupressur - Krankengymnastik M\u00fcnster\",\"isPartOf\":{\"@id\":\"https:\/\/www.physio-muenster.com\/#website\"},\"datePublished\":\"2020-11-06T12:10:21+00:00\",\"dateModified\":\"2020-11-06T12:10:21+00:00\",\"breadcrumb\":{\"@id\":\"https:\/\/www.physio-muenster.com\/?page_id=137#breadcrumb\"},\"inLanguage\":\"de\",\"potentialAction\":[{\"@type\":\"ReadAction\",\"target\":[\"https:\/\/www.physio-muenster.com\/?page_id=137\"]}]},{\"@type\":\"BreadcrumbList\",\"@id\":\"https:\/\/www.physio-muenster.com\/?page_id=137#breadcrumb\",\"itemListElement\":[{\"@type\":\"ListItem\",\"position\":1,\"name\":\"Startseite\",\"item\":\"https:\/\/www.physio-muenster.com\/\"},{\"@type\":\"ListItem\",\"position\":2,\"name\":\"Unsere Behandlungsmethoden\",\"item\":\"https:\/\/www.physio-muenster.com\/?page_id=20\"},{\"@type\":\"ListItem\",\"position\":3,\"name\":\"Ganzheitliche Therapien\",\"item\":\"https:\/\/www.physio-muenster.com\/?page_id=122\"},{\"@type\":\"ListItem\",\"position\":4,\"name\":\"Ohr-Akupressur\"}]}]}<\/script>\n<!-- \/ Yoast SEO plugin. -->","yoast_head_json":{"title":"Ohr-Akupressur - Krankengymnastik M\u00fcnster","robots":{"index":"index","follow":"follow","max-snippet":"max-snippet:-1","max-image-preview":"max-image-preview:large","max-video-preview":"max-video-preview:-1"},"canonical":"https:\/\/www.physio-muenster.com\/?page_id=137","og_locale":"de_DE","og_type":"article","og_title":"Ohr-Akupressur - Krankengymnastik M\u00fcnster","og_description":"Diese stammt urspr\u00fcnglich von der chinesischen Medizin ab. \u00c4hnlich wie bei Reflexzonen lassen sich Punkte oder Areale des Ohres bestimmten Organen und K\u00f6rperbereichen zuordnen. Unser Ohr spiegelt den umgedrehten Embryonalk\u00f6rper wieder. Akupressur ist die mildere Form der Akupunktur, bei der die Akupunkturpunkte durch Anpressen von St\u00e4bchen oder K\u00fcgelchen stimuliert werden. Besonders in der Schmerz- und [&hellip;]","og_url":"https:\/\/www.physio-muenster.com\/?page_id=137","og_site_name":"Krankengymnastik M\u00fcnster","twitter_card":"summary_large_image","schema":{"@context":"https:\/\/schema.org","@graph":[{"@type":"Organization","@id":"https:\/\/www.physio-muenster.com\/#organization","name":"Krankengymnastik M\u00fcnster","url":"https:\/\/www.physio-muenster.com\/","sameAs":[],"logo":{"@type":"ImageObject","inLanguage":"de","@id":"https:\/\/www.physio-muenster.com\/#\/schema\/logo\/image\/","url":"https:\/\/www.physio-muenster.com\/wp-content\/uploads\/2020\/08\/cropped-logo-1.jpg","contentUrl":"https:\/\/www.physio-muenster.com\/wp-content\/uploads\/2020\/08\/cropped-logo-1.jpg","width":150,"height":150,"caption":"Krankengymnastik M\u00fcnster"},"image":{"@id":"https:\/\/www.physio-muenster.com\/#\/schema\/logo\/image\/"}},{"@type":"WebSite","@id":"https:\/\/www.physio-muenster.com\/#website","url":"https:\/\/www.physio-muenster.com\/","name":"Krankengymnastik M\u00fcnster","description":"Angelica Hanle - Petra Nolte","publisher":{"@id":"https:\/\/www.physio-muenster.com\/#organization"},"potentialAction":[{"@type":"SearchAction","target":{"@type":"EntryPoint","urlTemplate":"https:\/\/www.physio-muenster.com\/?s={search_term_string}"},"query-input":"required name=search_term_string"}],"inLanguage":"de"},{"@type":"WebPage","@id":"https:\/\/www.physio-muenster.com\/?page_id=137","url":"https:\/\/www.physio-muenster.com\/?page_id=137","name":"Ohr-Akupressur - Krankengymnastik M\u00fcnster","isPartOf":{"@id":"https:\/\/www.physio-muenster.com\/#website"},"datePublished":"2020-11-06T12:10:21+00:00","dateModified":"2020-11-06T12:10:21+00:00","breadcrumb":{"@id":"https:\/\/www.physio-muenster.com\/?page_id=137#breadcrumb"},"inLanguage":"de","potentialAction":[{"@type":"ReadAction","target":["https:\/\/www.physio-muenster.com\/?page_id=137"]}]},{"@type":"BreadcrumbList","@id":"https:\/\/www.physio-muenster.com\/?page_id=137#breadcrumb","itemListElement":[{"@type":"ListItem","position":1,"name":"Startseite","item":"https:\/\/www.physio-muenster.com\/"},{"@type":"ListItem","position":2,"name":"Unsere Behandlungsmethoden","item":"https:\/\/www.physio-muenster.com\/?page_id=20"},{"@type":"ListItem","position":3,"name":"Ganzheitliche Therapien","item":"https:\/\/www.physio-muenster.com\/?page_id=122"},{"@type":"ListItem","position":4,"name":"Ohr-Akupressur"}]}]}},"_links":{"self":[{"href":"https:\/\/www.physio-muenster.com\/index.php?rest_route=\/wp\/v2\/pages\/137"}],"collection":[{"href":"https:\/\/www.physio-muenster.com\/index.php?rest_route=\/wp\/v2\/pages"}],"about":[{"href":"https:\/\/www.physio-muenster.com\/index.php?rest_route=\/wp\/v2\/types\/page"}],"author":[{"embeddable":true,"href":"https:\/\/www.physio-muenster.com\/index.php?rest_route=\/wp\/v2\/users\/1"}],"replies":[{"embeddable":true,"href":"https:\/\/www.physio-muenster.com\/index.php?rest_route=%2Fwp%2Fv2%2Fcomments&post=137"}],"version-history":[{"count":1,"href":"https:\/\/www.physio-muenster.com\/index.php?rest_route=\/wp\/v2\/pages\/137\/revisions"}],"predecessor-version":[{"id":138,"href":"https:\/\/www.physio-muenster.com\/index.php?rest_route=\/wp\/v2\/pages\/137\/revisions\/138"}],"up":[{"embeddable":true,"href":"https:\/\/www.physio-muenster.com\/index.php?rest_route=\/wp\/v2\/pages\/122"}],"wp:attachment":[{"href":"https:\/\/www.physio-muenster.com\/index.php?rest_route=%2Fwp%2Fv2%2Fmedia&parent=137"}],"curies":[{"name":"wp","href":"https:\/\/api.w.org\/{rel}","templated":true}]}}