{"id":151,"date":"2020-11-06T12:12:30","date_gmt":"2020-11-06T12:12:30","guid":{"rendered":"http:\/\/wp.physio-muenster.com\/?page_id=151"},"modified":"2020-11-06T12:12:30","modified_gmt":"2020-11-06T12:12:30","slug":"kinesiologie-edukinesthetik","status":"publish","type":"page","link":"https:\/\/www.physio-muenster.com\/?page_id=151","title":{"rendered":"Kinesiologie \/ Edukinesthetik"},"content":{"rendered":"<p>Dies ist die Lehre der Bewegung. Es geht um die Zusammenh\u00e4nge von Muskeln, Organen, Meridianen und Emotionen.<\/p>\n<p>Durch spezielle \u00dcbungen, die auf die Koordination der beiden Gehirnh\u00e4lften einwirken, wird Einfluss auf unterschiedlichste St\u00f6rungen genommen z.B. Lernst\u00f6rungen, Energieblockaden im K\u00f6rper, Koordinationsst\u00f6rungen, Gangunsicherheit u.s.w.<\/p>\n","protected":false},"excerpt":{"rendered":"<p>Dies ist die Lehre der Bewegung. Es geht um die Zusammenh\u00e4nge von Muskeln, Organen, Meridianen und Emotionen. Durch spezielle \u00dcbungen, die auf die Koordination der beiden Gehirnh\u00e4lften einwirken, wird Einfluss auf unterschiedlichste St\u00f6rungen genommen z.B. Lernst\u00f6rungen, Energieblockaden im K\u00f6rper, Koordinationsst\u00f6rungen, Gangunsicherheit u.s.w.<\/p>\n","protected":false},"author":1,"featured_media":0,"parent":122,"menu_order":0,"comment_status":"closed","ping_status":"closed","template":"","meta":[],"yoast_head":"<!-- This site is optimized with the Yoast SEO plugin v19.4 - https:\/\/yoast.com\/wordpress\/plugins\/seo\/ -->\n<title>Kinesiologie \/ Edukinesthetik - Krankengymnastik M\u00fcnster<\/title>\n<meta name=\"robots\" content=\"index, follow, max-snippet:-1, max-image-preview:large, max-video-preview:-1\" \/>\n<link rel=\"canonical\" href=\"https:\/\/www.physio-muenster.com\/?page_id=151\" \/>\n<meta property=\"og:locale\" content=\"de_DE\" \/>\n<meta property=\"og:type\" content=\"article\" \/>\n<meta property=\"og:title\" content=\"Kinesiologie \/ Edukinesthetik - Krankengymnastik M\u00fcnster\" \/>\n<meta property=\"og:description\" content=\"Dies ist die Lehre der Bewegung. Es geht um die Zusammenh\u00e4nge von Muskeln, Organen, Meridianen und Emotionen. Durch spezielle \u00dcbungen, die auf die Koordination der beiden Gehirnh\u00e4lften einwirken, wird Einfluss auf unterschiedlichste St\u00f6rungen genommen z.B. Lernst\u00f6rungen, Energieblockaden im K\u00f6rper, Koordinationsst\u00f6rungen, Gangunsicherheit u.s.w.\" \/>\n<meta property=\"og:url\" content=\"https:\/\/www.physio-muenster.com\/?page_id=151\" \/>\n<meta property=\"og:site_name\" content=\"Krankengymnastik M\u00fcnster\" \/>\n<meta name=\"twitter:card\" content=\"summary_large_image\" \/>\n<script type=\"application\/ld+json\" class=\"yoast-schema-graph\">{\"@context\":\"https:\/\/schema.org\",\"@graph\":[{\"@type\":\"Organization\",\"@id\":\"https:\/\/www.physio-muenster.com\/#organization\",\"name\":\"Krankengymnastik M\u00fcnster\",\"url\":\"https:\/\/www.physio-muenster.com\/\",\"sameAs\":[],\"logo\":{\"@type\":\"ImageObject\",\"inLanguage\":\"de\",\"@id\":\"https:\/\/www.physio-muenster.com\/#\/schema\/logo\/image\/\",\"url\":\"https:\/\/www.physio-muenster.com\/wp-content\/uploads\/2020\/08\/cropped-logo-1.jpg\",\"contentUrl\":\"https:\/\/www.physio-muenster.com\/wp-content\/uploads\/2020\/08\/cropped-logo-1.jpg\",\"width\":150,\"height\":150,\"caption\":\"Krankengymnastik M\u00fcnster\"},\"image\":{\"@id\":\"https:\/\/www.physio-muenster.com\/#\/schema\/logo\/image\/\"}},{\"@type\":\"WebSite\",\"@id\":\"https:\/\/www.physio-muenster.com\/#website\",\"url\":\"https:\/\/www.physio-muenster.com\/\",\"name\":\"Krankengymnastik M\u00fcnster\",\"description\":\"Angelica Hanle - Petra Nolte\",\"publisher\":{\"@id\":\"https:\/\/www.physio-muenster.com\/#organization\"},\"potentialAction\":[{\"@type\":\"SearchAction\",\"target\":{\"@type\":\"EntryPoint\",\"urlTemplate\":\"https:\/\/www.physio-muenster.com\/?s={search_term_string}\"},\"query-input\":\"required name=search_term_string\"}],\"inLanguage\":\"de\"},{\"@type\":\"WebPage\",\"@id\":\"https:\/\/www.physio-muenster.com\/?page_id=151\",\"url\":\"https:\/\/www.physio-muenster.com\/?page_id=151\",\"name\":\"Kinesiologie \/ Edukinesthetik - Krankengymnastik M\u00fcnster\",\"isPartOf\":{\"@id\":\"https:\/\/www.physio-muenster.com\/#website\"},\"datePublished\":\"2020-11-06T12:12:30+00:00\",\"dateModified\":\"2020-11-06T12:12:30+00:00\",\"breadcrumb\":{\"@id\":\"https:\/\/www.physio-muenster.com\/?page_id=151#breadcrumb\"},\"inLanguage\":\"de\",\"potentialAction\":[{\"@type\":\"ReadAction\",\"target\":[\"https:\/\/www.physio-muenster.com\/?page_id=151\"]}]},{\"@type\":\"BreadcrumbList\",\"@id\":\"https:\/\/www.physio-muenster.com\/?page_id=151#breadcrumb\",\"itemListElement\":[{\"@type\":\"ListItem\",\"position\":1,\"name\":\"Startseite\",\"item\":\"https:\/\/www.physio-muenster.com\/\"},{\"@type\":\"ListItem\",\"position\":2,\"name\":\"Unsere Behandlungsmethoden\",\"item\":\"https:\/\/www.physio-muenster.com\/?page_id=20\"},{\"@type\":\"ListItem\",\"position\":3,\"name\":\"Ganzheitliche Therapien\",\"item\":\"https:\/\/www.physio-muenster.com\/?page_id=122\"},{\"@type\":\"ListItem\",\"position\":4,\"name\":\"Kinesiologie \/ Edukinesthetik\"}]}]}<\/script>\n<!-- \/ Yoast SEO plugin. -->","yoast_head_json":{"title":"Kinesiologie \/ Edukinesthetik - Krankengymnastik M\u00fcnster","robots":{"index":"index","follow":"follow","max-snippet":"max-snippet:-1","max-image-preview":"max-image-preview:large","max-video-preview":"max-video-preview:-1"},"canonical":"https:\/\/www.physio-muenster.com\/?page_id=151","og_locale":"de_DE","og_type":"article","og_title":"Kinesiologie \/ Edukinesthetik - Krankengymnastik M\u00fcnster","og_description":"Dies ist die Lehre der Bewegung. Es geht um die Zusammenh\u00e4nge von Muskeln, Organen, Meridianen und Emotionen. Durch spezielle \u00dcbungen, die auf die Koordination der beiden Gehirnh\u00e4lften einwirken, wird Einfluss auf unterschiedlichste St\u00f6rungen genommen z.B. Lernst\u00f6rungen, Energieblockaden im K\u00f6rper, Koordinationsst\u00f6rungen, Gangunsicherheit u.s.w.","og_url":"https:\/\/www.physio-muenster.com\/?page_id=151","og_site_name":"Krankengymnastik M\u00fcnster","twitter_card":"summary_large_image","schema":{"@context":"https:\/\/schema.org","@graph":[{"@type":"Organization","@id":"https:\/\/www.physio-muenster.com\/#organization","name":"Krankengymnastik M\u00fcnster","url":"https:\/\/www.physio-muenster.com\/","sameAs":[],"logo":{"@type":"ImageObject","inLanguage":"de","@id":"https:\/\/www.physio-muenster.com\/#\/schema\/logo\/image\/","url":"https:\/\/www.physio-muenster.com\/wp-content\/uploads\/2020\/08\/cropped-logo-1.jpg","contentUrl":"https:\/\/www.physio-muenster.com\/wp-content\/uploads\/2020\/08\/cropped-logo-1.jpg","width":150,"height":150,"caption":"Krankengymnastik M\u00fcnster"},"image":{"@id":"https:\/\/www.physio-muenster.com\/#\/schema\/logo\/image\/"}},{"@type":"WebSite","@id":"https:\/\/www.physio-muenster.com\/#website","url":"https:\/\/www.physio-muenster.com\/","name":"Krankengymnastik M\u00fcnster","description":"Angelica Hanle - Petra Nolte","publisher":{"@id":"https:\/\/www.physio-muenster.com\/#organization"},"potentialAction":[{"@type":"SearchAction","target":{"@type":"EntryPoint","urlTemplate":"https:\/\/www.physio-muenster.com\/?s={search_term_string}"},"query-input":"required name=search_term_string"}],"inLanguage":"de"},{"@type":"WebPage","@id":"https:\/\/www.physio-muenster.com\/?page_id=151","url":"https:\/\/www.physio-muenster.com\/?page_id=151","name":"Kinesiologie \/ Edukinesthetik - Krankengymnastik M\u00fcnster","isPartOf":{"@id":"https:\/\/www.physio-muenster.com\/#website"},"datePublished":"2020-11-06T12:12:30+00:00","dateModified":"2020-11-06T12:12:30+00:00","breadcrumb":{"@id":"https:\/\/www.physio-muenster.com\/?page_id=151#breadcrumb"},"inLanguage":"de","potentialAction":[{"@type":"ReadAction","target":["https:\/\/www.physio-muenster.com\/?page_id=151"]}]},{"@type":"BreadcrumbList","@id":"https:\/\/www.physio-muenster.com\/?page_id=151#breadcrumb","itemListElement":[{"@type":"ListItem","position":1,"name":"Startseite","item":"https:\/\/www.physio-muenster.com\/"},{"@type":"ListItem","position":2,"name":"Unsere Behandlungsmethoden","item":"https:\/\/www.physio-muenster.com\/?page_id=20"},{"@type":"ListItem","position":3,"name":"Ganzheitliche Therapien","item":"https:\/\/www.physio-muenster.com\/?page_id=122"},{"@type":"ListItem","position":4,"name":"Kinesiologie \/ Edukinesthetik"}]}]}},"_links":{"self":[{"href":"https:\/\/www.physio-muenster.com\/index.php?rest_route=\/wp\/v2\/pages\/151"}],"collection":[{"href":"https:\/\/www.physio-muenster.com\/index.php?rest_route=\/wp\/v2\/pages"}],"about":[{"href":"https:\/\/www.physio-muenster.com\/index.php?rest_route=\/wp\/v2\/types\/page"}],"author":[{"embeddable":true,"href":"https:\/\/www.physio-muenster.com\/index.php?rest_route=\/wp\/v2\/users\/1"}],"replies":[{"embeddable":true,"href":"https:\/\/www.physio-muenster.com\/index.php?rest_route=%2Fwp%2Fv2%2Fcomments&post=151"}],"version-history":[{"count":1,"href":"https:\/\/www.physio-muenster.com\/index.php?rest_route=\/wp\/v2\/pages\/151\/revisions"}],"predecessor-version":[{"id":152,"href":"https:\/\/www.physio-muenster.com\/index.php?rest_route=\/wp\/v2\/pages\/151\/revisions\/152"}],"up":[{"embeddable":true,"href":"https:\/\/www.physio-muenster.com\/index.php?rest_route=\/wp\/v2\/pages\/122"}],"wp:attachment":[{"href":"https:\/\/www.physio-muenster.com\/index.php?rest_route=%2Fwp%2Fv2%2Fmedia&parent=151"}],"curies":[{"name":"wp","href":"https:\/\/api.w.org\/{rel}","templated":true}]}}