{"id":2,"date":"2016-05-10T03:48:21","date_gmt":"2016-05-10T03:48:21","guid":{"rendered":"http:\/\/wp.physio-muenster.com\/?page_id=2"},"modified":"2021-01-24T16:45:09","modified_gmt":"2021-01-24T16:45:09","slug":"sample-page","status":"publish","type":"page","link":"https:\/\/www.physio-muenster.com\/","title":{"rendered":"\u00dcber uns"},"content":{"rendered":"\r\n<figure class=\"wp-block-table\">\r\n<table class=\" aligncenter\" style=\"width: 54.3944%; height: 337px;\">\r\n<tbody>\r\n<tr style=\"height: 24px;\">\r\n<td style=\"width: 9.36126%; text-align: right; height: 24px;\">\u00a0<\/td>\r\n<td class=\"has-text-align-left\" style=\"width: 45.3469%; height: 24px;\" data-align=\"left\">\u00a0<\/td>\r\n<td style=\"width: 86.1629%; height: 24px;\">\u00a0<\/td>\r\n<\/tr>\r\n<tr style=\"height: 111px;\">\r\n<td style=\"width: 9.36126%; height: 111px; text-align: right;\">\r\n<p><span style=\"font-size: 18pt; color: #333333;\"><strong><em style=\"text-align: right;\">Petra Nolte<\/em><\/strong><\/span><\/p>\r\n<p><span style=\"font-size: 14pt;\">Krankengymnastin<\/span><\/p>\r\n<p><span style=\"font-size: 14pt;\">Physiotherapeutin<\/span><\/p>\r\n<p><span style=\"font-size: 14pt;\">Heilpraktikerin<\/span><\/p>\r\n<p><span style=\"font-size: 14pt;\">Hypnosetherapeutin<\/span><\/p>\r\n<\/td>\r\n<td class=\"has-text-align-left\" style=\"width: 45.3469%; height: 111px;\" data-align=\"left\">\r\n<p><span style=\"font-size: 14pt;\">\u00a0 \u00a0 \u00a0 \u00a0<img loading=\"lazy\" class=\"alignnone wp-image-13 \" src=\"http:\/\/wp.physio-muenster.com\/wp-content\/uploads\/2020\/07\/20200210_235910-1024x674.jpg\" alt=\"\" width=\"279\" height=\"183\" srcset=\"https:\/\/www.physio-muenster.com\/wp-content\/uploads\/2020\/07\/20200210_235910-1024x674.jpg 1024w, https:\/\/www.physio-muenster.com\/wp-content\/uploads\/2020\/07\/20200210_235910-300x197.jpg 300w, https:\/\/www.physio-muenster.com\/wp-content\/uploads\/2020\/07\/20200210_235910-768x505.jpg 768w, https:\/\/www.physio-muenster.com\/wp-content\/uploads\/2020\/07\/20200210_235910-1536x1011.jpg 1536w, https:\/\/www.physio-muenster.com\/wp-content\/uploads\/2020\/07\/20200210_235910-2048x1347.jpg 2048w, https:\/\/www.physio-muenster.com\/wp-content\/uploads\/2020\/07\/20200210_235910-800x526.jpg 800w\" sizes=\"(max-width: 279px) 100vw, 279px\" \/> \u00a0<\/span><\/p>\r\n<\/td>\r\n<td style=\"width: 86.1629%; height: 111px;\">\r\n<p><span style=\"font-size: 18pt; color: #333333;\"><strong><em>Angelica Hanle<\/em><\/strong><\/span><\/p>\r\n<p><span style=\"font-size: 14pt;\">Krankengymnastin<\/span><\/p>\r\n<p><span style=\"font-size: 14pt;\">Physiotherapeutin<\/span><\/p>\r\n<p><span style=\"font-size: 14pt;\">PT Onkologie\/ <\/span><\/p>\r\n<p><span style=\"font-size: 14pt;\">Palliativmedizin<\/span><\/p>\r\n<\/td>\r\n<\/tr>\r\n<tr style=\"height: 24px;\">\r\n<td style=\"width: 140.871%; text-align: right; height: 24px;\" colspan=\"3\" rowspan=\"4\">\u00a0<\/td>\r\n<\/tr>\r\n<\/tbody>\r\n<\/table>\r\n<\/figure>\r\n\r\n\r\n\r\n<p><span style=\"font-size: 14pt;\">Seit \u00fcber 25 Jahren arbeiten wir mit unserem Team in unserer Krankengymnastikpraxis an der Gesundheit und Begleitung unserer PatientenInnen. Aufgrund unseres ganzheitlichen Ansatzes betrachten wir die Menschen, die zu uns kommen und ihre Beschwerden in ihrer Gesamtheit. Zus\u00e4tzlich haben wir, mit mehr als 30 Jahren Berufserfahrung und regelm\u00e4\u00dfigen Fortbildungen, unser Methodenfeld stetig erweitert und mit gro\u00dfem Erfolg angewendet.<\/span><\/p>\r\n<p><span style=\"font-size: 14pt;\">\r\n\r\n<\/span><\/p>\r\n<p><span style=\"font-size: 14pt;\">Die Vielfalt unserer zertifizierten Behandlungsmethoden, seien sie europ\u00e4ischen oder asiatischen Ursprungs, erlaubt es daher, sehr individuell auf die Patientenbed\u00fcrfnisse einzugehen. Viele unserer Methoden greifen erg\u00e4nzend ineinander. Unser h\u00f6chstes Ziel ist es, die Anliegen unserer PatientInnen differenziert in ihrer Komplexit\u00e4t zu betrachten. In Absprache mit Ihnen kommen unsere Techniken individuell, gut aufeinander abgestimmt, zum Einsatz.<\/span><\/p>\r\n<p><span style=\"font-size: 14pt;\">\r\n\r\n<\/span><\/p>\r\n<p><span style=\"font-size: 14pt;\">Gro\u00dfen Wert legen wir auf Kooperationen mit Partnern aus der klassischen Medizin ebenso wie aus Bereichen alternativer Heilans\u00e4tze.<\/span><\/p>\r\n<p><span style=\"font-size: 14pt;\">\r\n\r\n<\/span><\/p>\r\n<p><span style=\"font-size: 14pt;\">Unsere Zusammenarbeit mit sozialmedizinischen Netzwerken spielt eine wichtige Rolle, um eine bestm\u00f6gliche therapeutische Begleitung f\u00fcr unsere PatientInnen zu erm\u00f6glichen.<\/span><\/p>\r\n","protected":false},"excerpt":{"rendered":"<p>\u00a0 \u00a0 \u00a0 Petra Nolte Krankengymnastin Physiotherapeutin Heilpraktikerin Hypnosetherapeutin \u00a0 \u00a0 \u00a0 \u00a0 \u00a0 Angelica Hanle Krankengymnastin Physiotherapeutin PT Onkologie\/ Palliativmedizin \u00a0 Seit \u00fcber 25 Jahren arbeiten wir mit unserem Team in unserer Krankengymnastikpraxis an der Gesundheit und Begleitung unserer PatientenInnen. Aufgrund unseres ganzheitlichen Ansatzes betrachten wir die Menschen, die zu uns kommen und ihre [&hellip;]<\/p>\n","protected":false},"author":1,"featured_media":0,"parent":0,"menu_order":0,"comment_status":"closed","ping_status":"open","template":"","meta":[],"yoast_head":"<!-- This site is optimized with the Yoast SEO plugin v19.4 - https:\/\/yoast.com\/wordpress\/plugins\/seo\/ -->\n<title>\u00dcber uns - Krankengymnastik M\u00fcnster<\/title>\n<meta name=\"robots\" content=\"index, follow, max-snippet:-1, max-image-preview:large, max-video-preview:-1\" \/>\n<link rel=\"canonical\" href=\"https:\/\/www.physio-muenster.com\/\" \/>\n<meta property=\"og:locale\" content=\"de_DE\" \/>\n<meta property=\"og:type\" content=\"article\" \/>\n<meta property=\"og:title\" content=\"\u00dcber uns - Krankengymnastik M\u00fcnster\" \/>\n<meta property=\"og:description\" content=\"\u00a0 \u00a0 \u00a0 Petra Nolte Krankengymnastin Physiotherapeutin Heilpraktikerin Hypnosetherapeutin \u00a0 \u00a0 \u00a0 \u00a0 \u00a0 Angelica Hanle Krankengymnastin Physiotherapeutin PT Onkologie\/ Palliativmedizin \u00a0 Seit \u00fcber 25 Jahren arbeiten wir mit unserem Team in unserer Krankengymnastikpraxis an der Gesundheit und Begleitung unserer PatientenInnen. Aufgrund unseres ganzheitlichen Ansatzes betrachten wir die Menschen, die zu uns kommen und ihre [&hellip;]\" \/>\n<meta property=\"og:url\" content=\"https:\/\/www.physio-muenster.com\/\" \/>\n<meta property=\"og:site_name\" content=\"Krankengymnastik M\u00fcnster\" \/>\n<meta property=\"article:modified_time\" content=\"2021-01-24T16:45:09+00:00\" \/>\n<meta property=\"og:image\" content=\"http:\/\/wp.physio-muenster.com\/wp-content\/uploads\/2020\/07\/20200210_235910-1024x674.jpg\" \/>\n<meta name=\"twitter:card\" content=\"summary_large_image\" \/>\n<meta name=\"twitter:label1\" content=\"Gesch\u00e4tzte Lesezeit\" \/>\n\t<meta name=\"twitter:data1\" content=\"1\u00a0Minute\" \/>\n<script type=\"application\/ld+json\" class=\"yoast-schema-graph\">{\"@context\":\"https:\/\/schema.org\",\"@graph\":[{\"@type\":\"Organization\",\"@id\":\"https:\/\/www.physio-muenster.com\/#organization\",\"name\":\"Krankengymnastik M\u00fcnster\",\"url\":\"https:\/\/www.physio-muenster.com\/\",\"sameAs\":[],\"logo\":{\"@type\":\"ImageObject\",\"inLanguage\":\"de\",\"@id\":\"https:\/\/www.physio-muenster.com\/#\/schema\/logo\/image\/\",\"url\":\"https:\/\/www.physio-muenster.com\/wp-content\/uploads\/2020\/08\/cropped-logo-1.jpg\",\"contentUrl\":\"https:\/\/www.physio-muenster.com\/wp-content\/uploads\/2020\/08\/cropped-logo-1.jpg\",\"width\":150,\"height\":150,\"caption\":\"Krankengymnastik M\u00fcnster\"},\"image\":{\"@id\":\"https:\/\/www.physio-muenster.com\/#\/schema\/logo\/image\/\"}},{\"@type\":\"WebSite\",\"@id\":\"https:\/\/www.physio-muenster.com\/#website\",\"url\":\"https:\/\/www.physio-muenster.com\/\",\"name\":\"Krankengymnastik M\u00fcnster\",\"description\":\"Angelica Hanle - Petra Nolte\",\"publisher\":{\"@id\":\"https:\/\/www.physio-muenster.com\/#organization\"},\"potentialAction\":[{\"@type\":\"SearchAction\",\"target\":{\"@type\":\"EntryPoint\",\"urlTemplate\":\"https:\/\/www.physio-muenster.com\/?s={search_term_string}\"},\"query-input\":\"required name=search_term_string\"}],\"inLanguage\":\"de\"},{\"@type\":\"WebPage\",\"@id\":\"https:\/\/www.physio-muenster.com\/\",\"url\":\"https:\/\/www.physio-muenster.com\/\",\"name\":\"\u00dcber uns - Krankengymnastik M\u00fcnster\",\"isPartOf\":{\"@id\":\"https:\/\/www.physio-muenster.com\/#website\"},\"datePublished\":\"2016-05-10T03:48:21+00:00\",\"dateModified\":\"2021-01-24T16:45:09+00:00\",\"breadcrumb\":{\"@id\":\"https:\/\/www.physio-muenster.com\/#breadcrumb\"},\"inLanguage\":\"de\",\"potentialAction\":[{\"@type\":\"ReadAction\",\"target\":[\"https:\/\/www.physio-muenster.com\/\"]}]},{\"@type\":\"BreadcrumbList\",\"@id\":\"https:\/\/www.physio-muenster.com\/#breadcrumb\",\"itemListElement\":[{\"@type\":\"ListItem\",\"position\":1,\"name\":\"Startseite\",\"item\":\"https:\/\/www.physio-muenster.com\/\"},{\"@type\":\"ListItem\",\"position\":2,\"name\":\"\u00dcber uns\"}]}]}<\/script>\n<!-- \/ Yoast SEO plugin. -->","yoast_head_json":{"title":"\u00dcber uns - Krankengymnastik M\u00fcnster","robots":{"index":"index","follow":"follow","max-snippet":"max-snippet:-1","max-image-preview":"max-image-preview:large","max-video-preview":"max-video-preview:-1"},"canonical":"https:\/\/www.physio-muenster.com\/","og_locale":"de_DE","og_type":"article","og_title":"\u00dcber uns - Krankengymnastik M\u00fcnster","og_description":"\u00a0 \u00a0 \u00a0 Petra Nolte Krankengymnastin Physiotherapeutin Heilpraktikerin Hypnosetherapeutin \u00a0 \u00a0 \u00a0 \u00a0 \u00a0 Angelica Hanle Krankengymnastin Physiotherapeutin PT Onkologie\/ Palliativmedizin \u00a0 Seit \u00fcber 25 Jahren arbeiten wir mit unserem Team in unserer Krankengymnastikpraxis an der Gesundheit und Begleitung unserer PatientenInnen. Aufgrund unseres ganzheitlichen Ansatzes betrachten wir die Menschen, die zu uns kommen und ihre [&hellip;]","og_url":"https:\/\/www.physio-muenster.com\/","og_site_name":"Krankengymnastik M\u00fcnster","article_modified_time":"2021-01-24T16:45:09+00:00","og_image":[{"url":"http:\/\/wp.physio-muenster.com\/wp-content\/uploads\/2020\/07\/20200210_235910-1024x674.jpg"}],"twitter_card":"summary_large_image","twitter_misc":{"Gesch\u00e4tzte Lesezeit":"1\u00a0Minute"},"schema":{"@context":"https:\/\/schema.org","@graph":[{"@type":"Organization","@id":"https:\/\/www.physio-muenster.com\/#organization","name":"Krankengymnastik M\u00fcnster","url":"https:\/\/www.physio-muenster.com\/","sameAs":[],"logo":{"@type":"ImageObject","inLanguage":"de","@id":"https:\/\/www.physio-muenster.com\/#\/schema\/logo\/image\/","url":"https:\/\/www.physio-muenster.com\/wp-content\/uploads\/2020\/08\/cropped-logo-1.jpg","contentUrl":"https:\/\/www.physio-muenster.com\/wp-content\/uploads\/2020\/08\/cropped-logo-1.jpg","width":150,"height":150,"caption":"Krankengymnastik M\u00fcnster"},"image":{"@id":"https:\/\/www.physio-muenster.com\/#\/schema\/logo\/image\/"}},{"@type":"WebSite","@id":"https:\/\/www.physio-muenster.com\/#website","url":"https:\/\/www.physio-muenster.com\/","name":"Krankengymnastik M\u00fcnster","description":"Angelica Hanle - Petra Nolte","publisher":{"@id":"https:\/\/www.physio-muenster.com\/#organization"},"potentialAction":[{"@type":"SearchAction","target":{"@type":"EntryPoint","urlTemplate":"https:\/\/www.physio-muenster.com\/?s={search_term_string}"},"query-input":"required name=search_term_string"}],"inLanguage":"de"},{"@type":"WebPage","@id":"https:\/\/www.physio-muenster.com\/","url":"https:\/\/www.physio-muenster.com\/","name":"\u00dcber uns - Krankengymnastik M\u00fcnster","isPartOf":{"@id":"https:\/\/www.physio-muenster.com\/#website"},"datePublished":"2016-05-10T03:48:21+00:00","dateModified":"2021-01-24T16:45:09+00:00","breadcrumb":{"@id":"https:\/\/www.physio-muenster.com\/#breadcrumb"},"inLanguage":"de","potentialAction":[{"@type":"ReadAction","target":["https:\/\/www.physio-muenster.com\/"]}]},{"@type":"BreadcrumbList","@id":"https:\/\/www.physio-muenster.com\/#breadcrumb","itemListElement":[{"@type":"ListItem","position":1,"name":"Startseite","item":"https:\/\/www.physio-muenster.com\/"},{"@type":"ListItem","position":2,"name":"\u00dcber uns"}]}]}},"_links":{"self":[{"href":"https:\/\/www.physio-muenster.com\/index.php?rest_route=\/wp\/v2\/pages\/2"}],"collection":[{"href":"https:\/\/www.physio-muenster.com\/index.php?rest_route=\/wp\/v2\/pages"}],"about":[{"href":"https:\/\/www.physio-muenster.com\/index.php?rest_route=\/wp\/v2\/types\/page"}],"author":[{"embeddable":true,"href":"https:\/\/www.physio-muenster.com\/index.php?rest_route=\/wp\/v2\/users\/1"}],"replies":[{"embeddable":true,"href":"https:\/\/www.physio-muenster.com\/index.php?rest_route=%2Fwp%2Fv2%2Fcomments&post=2"}],"version-history":[{"count":16,"href":"https:\/\/www.physio-muenster.com\/index.php?rest_route=\/wp\/v2\/pages\/2\/revisions"}],"predecessor-version":[{"id":186,"href":"https:\/\/www.physio-muenster.com\/index.php?rest_route=\/wp\/v2\/pages\/2\/revisions\/186"}],"wp:attachment":[{"href":"https:\/\/www.physio-muenster.com\/index.php?rest_route=%2Fwp%2Fv2%2Fmedia&parent=2"}],"curies":[{"name":"wp","href":"https:\/\/api.w.org\/{rel}","templated":true}]}}