{"id":22,"date":"2020-08-04T07:46:44","date_gmt":"2020-08-04T07:46:44","guid":{"rendered":"http:\/\/wp.physio-muenster.com\/?page_id=22"},"modified":"2020-08-04T07:46:44","modified_gmt":"2020-08-04T07:46:44","slug":"unsere-patientinnen","status":"publish","type":"page","link":"https:\/\/www.physio-muenster.com\/?page_id=22","title":{"rendered":"Unsere PatientInnen"},"content":{"rendered":"\n<h1><\/h1>\n\n\n\n<p>Mit unseren Behandlungsmethoden sprechen wir eine Vielzahl von Krankheitsbildern und Symptomen an. Eine \u00dcberweisung zu uns erfolgt dabei \u00fcber \u00c4rztInnen f\u00fcr Praktische und Allgemeine Medizin, Neurologie, Orthop\u00e4die, Sportmedizin, Gyn\u00e4kologie, Kinderheilkunde, Innere Medizin, Chirurgie, Zahn- und Kieferheilkunde, Palliativmedizin, Schmerztherapie, Onkologie, Angiologie bzw. Lymphologie, Urologie und Homo\u00f6pathie.<\/p>\n\n\n\n<p>Wirkungsvolle, fachkompetente Behandlungen bieten wir allen<br>PatientenInnen mit<\/p>\n\n\n\n<ul><li>St\u00f6rungen im Bewegungsapparat (auch aufgrund von Verletzungen)<\/li><li>Unfallfolgen, sowie vor und nach operativen Eingriffen<\/li><li>St\u00f6rungen im Zentralen Nervensystem<\/li><li>St\u00f6rungen im Gef\u00e4\u00df- und Lymphsystem<\/li><li>Schmerzsyndromen<\/li><li>stressbedingten St\u00f6rungen (wie z.B. Tinnitus oder Migr\u00e4ne)<\/li><li>kindlichen Entwicklungsst\u00f6rungen bzw. Verz\u00f6gerungen<\/li><li>Beschwerden aus dem gyn\u00e4kologischen und urologischen Formenkreis<\/li><li>onkologische Erkrankungen<\/li><\/ul>\n\n\n\n<p>Ebenso begleiten wir PalliativpatientInnen physiotherapeutisch.<\/p>\n","protected":false},"excerpt":{"rendered":"<p>Mit unseren Behandlungsmethoden sprechen wir eine Vielzahl von Krankheitsbildern und Symptomen an. Eine \u00dcberweisung zu uns erfolgt dabei \u00fcber \u00c4rztInnen f\u00fcr Praktische und Allgemeine Medizin, Neurologie, Orthop\u00e4die, Sportmedizin, Gyn\u00e4kologie, Kinderheilkunde, Innere Medizin, Chirurgie, Zahn- und Kieferheilkunde, Palliativmedizin, Schmerztherapie, Onkologie, Angiologie bzw. Lymphologie, Urologie und Homo\u00f6pathie. Wirkungsvolle, fachkompetente Behandlungen bieten wir allenPatientenInnen mit St\u00f6rungen im Bewegungsapparat [&hellip;]<\/p>\n","protected":false},"author":1,"featured_media":0,"parent":0,"menu_order":0,"comment_status":"closed","ping_status":"closed","template":"","meta":[],"yoast_head":"<!-- This site is optimized with the Yoast SEO plugin v19.4 - https:\/\/yoast.com\/wordpress\/plugins\/seo\/ -->\n<title>Unsere PatientInnen - Krankengymnastik M\u00fcnster<\/title>\n<meta name=\"robots\" content=\"index, follow, max-snippet:-1, max-image-preview:large, max-video-preview:-1\" \/>\n<link rel=\"canonical\" href=\"https:\/\/www.physio-muenster.com\/?page_id=22\" \/>\n<meta property=\"og:locale\" content=\"de_DE\" \/>\n<meta property=\"og:type\" content=\"article\" \/>\n<meta property=\"og:title\" content=\"Unsere PatientInnen - Krankengymnastik M\u00fcnster\" \/>\n<meta property=\"og:description\" content=\"Mit unseren Behandlungsmethoden sprechen wir eine Vielzahl von Krankheitsbildern und Symptomen an. Eine \u00dcberweisung zu uns erfolgt dabei \u00fcber \u00c4rztInnen f\u00fcr Praktische und Allgemeine Medizin, Neurologie, Orthop\u00e4die, Sportmedizin, Gyn\u00e4kologie, Kinderheilkunde, Innere Medizin, Chirurgie, Zahn- und Kieferheilkunde, Palliativmedizin, Schmerztherapie, Onkologie, Angiologie bzw. Lymphologie, Urologie und Homo\u00f6pathie. Wirkungsvolle, fachkompetente Behandlungen bieten wir allenPatientenInnen mit St\u00f6rungen im Bewegungsapparat [&hellip;]\" \/>\n<meta property=\"og:url\" content=\"https:\/\/www.physio-muenster.com\/?page_id=22\" \/>\n<meta property=\"og:site_name\" content=\"Krankengymnastik M\u00fcnster\" \/>\n<meta name=\"twitter:card\" content=\"summary_large_image\" \/>\n<meta name=\"twitter:label1\" content=\"Gesch\u00e4tzte Lesezeit\" \/>\n\t<meta name=\"twitter:data1\" content=\"1\u00a0Minute\" \/>\n<script type=\"application\/ld+json\" class=\"yoast-schema-graph\">{\"@context\":\"https:\/\/schema.org\",\"@graph\":[{\"@type\":\"Organization\",\"@id\":\"https:\/\/www.physio-muenster.com\/#organization\",\"name\":\"Krankengymnastik M\u00fcnster\",\"url\":\"https:\/\/www.physio-muenster.com\/\",\"sameAs\":[],\"logo\":{\"@type\":\"ImageObject\",\"inLanguage\":\"de\",\"@id\":\"https:\/\/www.physio-muenster.com\/#\/schema\/logo\/image\/\",\"url\":\"https:\/\/www.physio-muenster.com\/wp-content\/uploads\/2020\/08\/cropped-logo-1.jpg\",\"contentUrl\":\"https:\/\/www.physio-muenster.com\/wp-content\/uploads\/2020\/08\/cropped-logo-1.jpg\",\"width\":150,\"height\":150,\"caption\":\"Krankengymnastik M\u00fcnster\"},\"image\":{\"@id\":\"https:\/\/www.physio-muenster.com\/#\/schema\/logo\/image\/\"}},{\"@type\":\"WebSite\",\"@id\":\"https:\/\/www.physio-muenster.com\/#website\",\"url\":\"https:\/\/www.physio-muenster.com\/\",\"name\":\"Krankengymnastik M\u00fcnster\",\"description\":\"Angelica Hanle - Petra Nolte\",\"publisher\":{\"@id\":\"https:\/\/www.physio-muenster.com\/#organization\"},\"potentialAction\":[{\"@type\":\"SearchAction\",\"target\":{\"@type\":\"EntryPoint\",\"urlTemplate\":\"https:\/\/www.physio-muenster.com\/?s={search_term_string}\"},\"query-input\":\"required name=search_term_string\"}],\"inLanguage\":\"de\"},{\"@type\":\"WebPage\",\"@id\":\"https:\/\/www.physio-muenster.com\/?page_id=22\",\"url\":\"https:\/\/www.physio-muenster.com\/?page_id=22\",\"name\":\"Unsere PatientInnen - Krankengymnastik M\u00fcnster\",\"isPartOf\":{\"@id\":\"https:\/\/www.physio-muenster.com\/#website\"},\"datePublished\":\"2020-08-04T07:46:44+00:00\",\"dateModified\":\"2020-08-04T07:46:44+00:00\",\"breadcrumb\":{\"@id\":\"https:\/\/www.physio-muenster.com\/?page_id=22#breadcrumb\"},\"inLanguage\":\"de\",\"potentialAction\":[{\"@type\":\"ReadAction\",\"target\":[\"https:\/\/www.physio-muenster.com\/?page_id=22\"]}]},{\"@type\":\"BreadcrumbList\",\"@id\":\"https:\/\/www.physio-muenster.com\/?page_id=22#breadcrumb\",\"itemListElement\":[{\"@type\":\"ListItem\",\"position\":1,\"name\":\"Startseite\",\"item\":\"https:\/\/www.physio-muenster.com\/\"},{\"@type\":\"ListItem\",\"position\":2,\"name\":\"Unsere PatientInnen\"}]}]}<\/script>\n<!-- \/ Yoast SEO plugin. -->","yoast_head_json":{"title":"Unsere PatientInnen - Krankengymnastik M\u00fcnster","robots":{"index":"index","follow":"follow","max-snippet":"max-snippet:-1","max-image-preview":"max-image-preview:large","max-video-preview":"max-video-preview:-1"},"canonical":"https:\/\/www.physio-muenster.com\/?page_id=22","og_locale":"de_DE","og_type":"article","og_title":"Unsere PatientInnen - Krankengymnastik M\u00fcnster","og_description":"Mit unseren Behandlungsmethoden sprechen wir eine Vielzahl von Krankheitsbildern und Symptomen an. Eine \u00dcberweisung zu uns erfolgt dabei \u00fcber \u00c4rztInnen f\u00fcr Praktische und Allgemeine Medizin, Neurologie, Orthop\u00e4die, Sportmedizin, Gyn\u00e4kologie, Kinderheilkunde, Innere Medizin, Chirurgie, Zahn- und Kieferheilkunde, Palliativmedizin, Schmerztherapie, Onkologie, Angiologie bzw. Lymphologie, Urologie und Homo\u00f6pathie. Wirkungsvolle, fachkompetente Behandlungen bieten wir allenPatientenInnen mit St\u00f6rungen im Bewegungsapparat [&hellip;]","og_url":"https:\/\/www.physio-muenster.com\/?page_id=22","og_site_name":"Krankengymnastik M\u00fcnster","twitter_card":"summary_large_image","twitter_misc":{"Gesch\u00e4tzte Lesezeit":"1\u00a0Minute"},"schema":{"@context":"https:\/\/schema.org","@graph":[{"@type":"Organization","@id":"https:\/\/www.physio-muenster.com\/#organization","name":"Krankengymnastik M\u00fcnster","url":"https:\/\/www.physio-muenster.com\/","sameAs":[],"logo":{"@type":"ImageObject","inLanguage":"de","@id":"https:\/\/www.physio-muenster.com\/#\/schema\/logo\/image\/","url":"https:\/\/www.physio-muenster.com\/wp-content\/uploads\/2020\/08\/cropped-logo-1.jpg","contentUrl":"https:\/\/www.physio-muenster.com\/wp-content\/uploads\/2020\/08\/cropped-logo-1.jpg","width":150,"height":150,"caption":"Krankengymnastik M\u00fcnster"},"image":{"@id":"https:\/\/www.physio-muenster.com\/#\/schema\/logo\/image\/"}},{"@type":"WebSite","@id":"https:\/\/www.physio-muenster.com\/#website","url":"https:\/\/www.physio-muenster.com\/","name":"Krankengymnastik M\u00fcnster","description":"Angelica Hanle - Petra Nolte","publisher":{"@id":"https:\/\/www.physio-muenster.com\/#organization"},"potentialAction":[{"@type":"SearchAction","target":{"@type":"EntryPoint","urlTemplate":"https:\/\/www.physio-muenster.com\/?s={search_term_string}"},"query-input":"required name=search_term_string"}],"inLanguage":"de"},{"@type":"WebPage","@id":"https:\/\/www.physio-muenster.com\/?page_id=22","url":"https:\/\/www.physio-muenster.com\/?page_id=22","name":"Unsere PatientInnen - Krankengymnastik M\u00fcnster","isPartOf":{"@id":"https:\/\/www.physio-muenster.com\/#website"},"datePublished":"2020-08-04T07:46:44+00:00","dateModified":"2020-08-04T07:46:44+00:00","breadcrumb":{"@id":"https:\/\/www.physio-muenster.com\/?page_id=22#breadcrumb"},"inLanguage":"de","potentialAction":[{"@type":"ReadAction","target":["https:\/\/www.physio-muenster.com\/?page_id=22"]}]},{"@type":"BreadcrumbList","@id":"https:\/\/www.physio-muenster.com\/?page_id=22#breadcrumb","itemListElement":[{"@type":"ListItem","position":1,"name":"Startseite","item":"https:\/\/www.physio-muenster.com\/"},{"@type":"ListItem","position":2,"name":"Unsere PatientInnen"}]}]}},"_links":{"self":[{"href":"https:\/\/www.physio-muenster.com\/index.php?rest_route=\/wp\/v2\/pages\/22"}],"collection":[{"href":"https:\/\/www.physio-muenster.com\/index.php?rest_route=\/wp\/v2\/pages"}],"about":[{"href":"https:\/\/www.physio-muenster.com\/index.php?rest_route=\/wp\/v2\/types\/page"}],"author":[{"embeddable":true,"href":"https:\/\/www.physio-muenster.com\/index.php?rest_route=\/wp\/v2\/users\/1"}],"replies":[{"embeddable":true,"href":"https:\/\/www.physio-muenster.com\/index.php?rest_route=%2Fwp%2Fv2%2Fcomments&post=22"}],"version-history":[{"count":1,"href":"https:\/\/www.physio-muenster.com\/index.php?rest_route=\/wp\/v2\/pages\/22\/revisions"}],"predecessor-version":[{"id":23,"href":"https:\/\/www.physio-muenster.com\/index.php?rest_route=\/wp\/v2\/pages\/22\/revisions\/23"}],"wp:attachment":[{"href":"https:\/\/www.physio-muenster.com\/index.php?rest_route=%2Fwp%2Fv2%2Fmedia&parent=22"}],"curies":[{"name":"wp","href":"https:\/\/api.w.org\/{rel}","templated":true}]}}