{"id":25,"date":"2020-08-04T07:47:33","date_gmt":"2020-08-04T07:47:33","guid":{"rendered":"http:\/\/wp.physio-muenster.com\/?page_id=25"},"modified":"2020-08-04T07:47:33","modified_gmt":"2020-08-04T07:47:33","slug":"verrechnung-verordnung","status":"publish","type":"page","link":"https:\/\/www.physio-muenster.com\/?page_id=25","title":{"rendered":"Verrechnung \/ Verordnung"},"content":{"rendered":"\n<p><strong>Kassenrezepte:<\/strong><br>Wir haben abrechnungsbef\u00e4higte Vertr\u00e4ge mit allen gesetzlichen Krankenkassen und Berufsgenossenschaft.<\/p>\n\n\n\n<p><strong>Zuzahlung:<\/strong><br>Das Gesundheitssystem schreibt vor, dass jeder (mit Ausnahme von Kindern, Schwangeren und BG-PatientInnen) eine entsprechende Zuzahlung zu leisten hat. Diese Zuzahlungen werden Ihnen \u2013je nach Einkommenslage &#8211; evtl. von den Krankenkassen wieder zur\u00fcckerstattet. Daf\u00fcr sollten Sie die Quittungen \u00fcber das Jahr sammeln.<\/p>\n\n\n\n<p>Die Zuzahlungssumme setzt sich zusammen aus Euro 10,- (die Rezeptgeb\u00fchr) und 10% vom Rezeptwert und sollte vor dem Behandlungsbeginn entrichtet werden.<\/p>\n\n\n\n<p><strong>Privatrezepte und deren Preise:<\/strong><br>Im Heilmittelbereich existiert keine allgemein verbindliche Geb\u00fchrenordnung, wie sie z. B. im \u00e4rztlichen Bereich vereinbart wurde. Daher k\u00f6nnen \/ m\u00fcssen die Praxisinhaber und die Privatpatienten die Preise frei vereinbaren. Wird eine Therapie ohne Preisvereinbarung durchgef\u00fchrt und gibt es sp\u00e4ter Streit \u00fcber die H\u00f6he der Verg\u00fctung wird von den Gerichten der allgemein \u00fcbliche Preis zu Grunde gelegt. In Deutschland hat es sich bundesweit eingeb\u00fcrgert eine Preisbildung nach dem Vorbild der Geb\u00fchrenordnung f\u00fcr \u00c4rzte zu gestalten. Dabei werden die Tarife der Ersatzkassen (VdAK) als Ausgangssatz herangezogen und mit verschiedenen Faktoren multipliziert. Die angewandten Faktoren liegen \u00fcblicherweise zwischen dem&nbsp;<strong>1,6fachen<\/strong>&nbsp;und dem&nbsp;<strong>2,6fachen<\/strong>&nbsp;Ausgangssatz.<\/p>\n\n\n\n<p>In Einzelf\u00e4llen werden aber auch Honorare dar\u00fcber hinaus vereinbart.<br>Der Preis h\u00e4ngt von folgenden Faktoren ab<br><strong>* Zusatzqualifikationen<\/strong>&nbsp;(Manuelle Therapie, Bobath, PNF, Lymphdrainage etc..)<br><strong>* Berufserfahrung \/ Spezialisierung<\/strong><br><strong>* Therapiedauer<\/strong>&nbsp;(RVO \/ VdAK zahlt nur 15-20 Min. pro Behandlung, bei Privatpatienten werden 20-25 Minuten Therapiedauer berechnet)<\/p>\n\n\n\n<p><strong>Ohne Rezept:<\/strong><br>Behandlungen mit dem Ziel der Prophylaxe und Entspannung werden direkt verrechnet. Preise nach Absprache und Art der Behandlung.<\/p>\n\n\n\n<p><strong>Behandlungsgutscheine:<\/strong><br>Prophylaktische und entspannende Behandlungen k\u00f6nnen in Form eines Gutscheins erworben werden. Geschenke f\u00fcr die Gesundheit erfreuen sich gr\u00f6\u00dfter Beliebtheit in den letzten Jahren.<\/p>\n","protected":false},"excerpt":{"rendered":"<p>Kassenrezepte:Wir haben abrechnungsbef\u00e4higte Vertr\u00e4ge mit allen gesetzlichen Krankenkassen und Berufsgenossenschaft. Zuzahlung:Das Gesundheitssystem schreibt vor, dass jeder (mit Ausnahme von Kindern, Schwangeren und BG-PatientInnen) eine entsprechende Zuzahlung zu leisten hat. Diese Zuzahlungen werden Ihnen \u2013je nach Einkommenslage &#8211; evtl. von den Krankenkassen wieder zur\u00fcckerstattet. Daf\u00fcr sollten Sie die Quittungen \u00fcber das Jahr sammeln. Die Zuzahlungssumme setzt [&hellip;]<\/p>\n","protected":false},"author":1,"featured_media":0,"parent":0,"menu_order":0,"comment_status":"closed","ping_status":"closed","template":"","meta":[],"yoast_head":"<!-- This site is optimized with the Yoast SEO plugin v19.4 - https:\/\/yoast.com\/wordpress\/plugins\/seo\/ -->\n<title>Verrechnung \/ Verordnung - Krankengymnastik M\u00fcnster<\/title>\n<meta name=\"robots\" content=\"index, follow, max-snippet:-1, max-image-preview:large, max-video-preview:-1\" \/>\n<link rel=\"canonical\" href=\"https:\/\/www.physio-muenster.com\/?page_id=25\" \/>\n<meta property=\"og:locale\" content=\"de_DE\" \/>\n<meta property=\"og:type\" content=\"article\" \/>\n<meta property=\"og:title\" content=\"Verrechnung \/ Verordnung - Krankengymnastik M\u00fcnster\" \/>\n<meta property=\"og:description\" content=\"Kassenrezepte:Wir haben abrechnungsbef\u00e4higte Vertr\u00e4ge mit allen gesetzlichen Krankenkassen und Berufsgenossenschaft. Zuzahlung:Das Gesundheitssystem schreibt vor, dass jeder (mit Ausnahme von Kindern, Schwangeren und BG-PatientInnen) eine entsprechende Zuzahlung zu leisten hat. Diese Zuzahlungen werden Ihnen \u2013je nach Einkommenslage &#8211; evtl. von den Krankenkassen wieder zur\u00fcckerstattet. Daf\u00fcr sollten Sie die Quittungen \u00fcber das Jahr sammeln. Die Zuzahlungssumme setzt [&hellip;]\" \/>\n<meta property=\"og:url\" content=\"https:\/\/www.physio-muenster.com\/?page_id=25\" \/>\n<meta property=\"og:site_name\" content=\"Krankengymnastik M\u00fcnster\" \/>\n<meta name=\"twitter:card\" content=\"summary_large_image\" \/>\n<meta name=\"twitter:label1\" content=\"Gesch\u00e4tzte Lesezeit\" \/>\n\t<meta name=\"twitter:data1\" content=\"1\u00a0Minute\" \/>\n<script type=\"application\/ld+json\" class=\"yoast-schema-graph\">{\"@context\":\"https:\/\/schema.org\",\"@graph\":[{\"@type\":\"Organization\",\"@id\":\"https:\/\/www.physio-muenster.com\/#organization\",\"name\":\"Krankengymnastik M\u00fcnster\",\"url\":\"https:\/\/www.physio-muenster.com\/\",\"sameAs\":[],\"logo\":{\"@type\":\"ImageObject\",\"inLanguage\":\"de\",\"@id\":\"https:\/\/www.physio-muenster.com\/#\/schema\/logo\/image\/\",\"url\":\"https:\/\/www.physio-muenster.com\/wp-content\/uploads\/2020\/08\/cropped-logo-1.jpg\",\"contentUrl\":\"https:\/\/www.physio-muenster.com\/wp-content\/uploads\/2020\/08\/cropped-logo-1.jpg\",\"width\":150,\"height\":150,\"caption\":\"Krankengymnastik M\u00fcnster\"},\"image\":{\"@id\":\"https:\/\/www.physio-muenster.com\/#\/schema\/logo\/image\/\"}},{\"@type\":\"WebSite\",\"@id\":\"https:\/\/www.physio-muenster.com\/#website\",\"url\":\"https:\/\/www.physio-muenster.com\/\",\"name\":\"Krankengymnastik M\u00fcnster\",\"description\":\"Angelica Hanle - Petra Nolte\",\"publisher\":{\"@id\":\"https:\/\/www.physio-muenster.com\/#organization\"},\"potentialAction\":[{\"@type\":\"SearchAction\",\"target\":{\"@type\":\"EntryPoint\",\"urlTemplate\":\"https:\/\/www.physio-muenster.com\/?s={search_term_string}\"},\"query-input\":\"required name=search_term_string\"}],\"inLanguage\":\"de\"},{\"@type\":\"WebPage\",\"@id\":\"https:\/\/www.physio-muenster.com\/?page_id=25\",\"url\":\"https:\/\/www.physio-muenster.com\/?page_id=25\",\"name\":\"Verrechnung \/ Verordnung - Krankengymnastik M\u00fcnster\",\"isPartOf\":{\"@id\":\"https:\/\/www.physio-muenster.com\/#website\"},\"datePublished\":\"2020-08-04T07:47:33+00:00\",\"dateModified\":\"2020-08-04T07:47:33+00:00\",\"breadcrumb\":{\"@id\":\"https:\/\/www.physio-muenster.com\/?page_id=25#breadcrumb\"},\"inLanguage\":\"de\",\"potentialAction\":[{\"@type\":\"ReadAction\",\"target\":[\"https:\/\/www.physio-muenster.com\/?page_id=25\"]}]},{\"@type\":\"BreadcrumbList\",\"@id\":\"https:\/\/www.physio-muenster.com\/?page_id=25#breadcrumb\",\"itemListElement\":[{\"@type\":\"ListItem\",\"position\":1,\"name\":\"Startseite\",\"item\":\"https:\/\/www.physio-muenster.com\/\"},{\"@type\":\"ListItem\",\"position\":2,\"name\":\"Verrechnung \/ Verordnung\"}]}]}<\/script>\n<!-- \/ Yoast SEO plugin. -->","yoast_head_json":{"title":"Verrechnung \/ Verordnung - Krankengymnastik M\u00fcnster","robots":{"index":"index","follow":"follow","max-snippet":"max-snippet:-1","max-image-preview":"max-image-preview:large","max-video-preview":"max-video-preview:-1"},"canonical":"https:\/\/www.physio-muenster.com\/?page_id=25","og_locale":"de_DE","og_type":"article","og_title":"Verrechnung \/ Verordnung - Krankengymnastik M\u00fcnster","og_description":"Kassenrezepte:Wir haben abrechnungsbef\u00e4higte Vertr\u00e4ge mit allen gesetzlichen Krankenkassen und Berufsgenossenschaft. Zuzahlung:Das Gesundheitssystem schreibt vor, dass jeder (mit Ausnahme von Kindern, Schwangeren und BG-PatientInnen) eine entsprechende Zuzahlung zu leisten hat. Diese Zuzahlungen werden Ihnen \u2013je nach Einkommenslage &#8211; evtl. von den Krankenkassen wieder zur\u00fcckerstattet. Daf\u00fcr sollten Sie die Quittungen \u00fcber das Jahr sammeln. Die Zuzahlungssumme setzt [&hellip;]","og_url":"https:\/\/www.physio-muenster.com\/?page_id=25","og_site_name":"Krankengymnastik M\u00fcnster","twitter_card":"summary_large_image","twitter_misc":{"Gesch\u00e4tzte Lesezeit":"1\u00a0Minute"},"schema":{"@context":"https:\/\/schema.org","@graph":[{"@type":"Organization","@id":"https:\/\/www.physio-muenster.com\/#organization","name":"Krankengymnastik M\u00fcnster","url":"https:\/\/www.physio-muenster.com\/","sameAs":[],"logo":{"@type":"ImageObject","inLanguage":"de","@id":"https:\/\/www.physio-muenster.com\/#\/schema\/logo\/image\/","url":"https:\/\/www.physio-muenster.com\/wp-content\/uploads\/2020\/08\/cropped-logo-1.jpg","contentUrl":"https:\/\/www.physio-muenster.com\/wp-content\/uploads\/2020\/08\/cropped-logo-1.jpg","width":150,"height":150,"caption":"Krankengymnastik M\u00fcnster"},"image":{"@id":"https:\/\/www.physio-muenster.com\/#\/schema\/logo\/image\/"}},{"@type":"WebSite","@id":"https:\/\/www.physio-muenster.com\/#website","url":"https:\/\/www.physio-muenster.com\/","name":"Krankengymnastik M\u00fcnster","description":"Angelica Hanle - Petra Nolte","publisher":{"@id":"https:\/\/www.physio-muenster.com\/#organization"},"potentialAction":[{"@type":"SearchAction","target":{"@type":"EntryPoint","urlTemplate":"https:\/\/www.physio-muenster.com\/?s={search_term_string}"},"query-input":"required name=search_term_string"}],"inLanguage":"de"},{"@type":"WebPage","@id":"https:\/\/www.physio-muenster.com\/?page_id=25","url":"https:\/\/www.physio-muenster.com\/?page_id=25","name":"Verrechnung \/ Verordnung - Krankengymnastik M\u00fcnster","isPartOf":{"@id":"https:\/\/www.physio-muenster.com\/#website"},"datePublished":"2020-08-04T07:47:33+00:00","dateModified":"2020-08-04T07:47:33+00:00","breadcrumb":{"@id":"https:\/\/www.physio-muenster.com\/?page_id=25#breadcrumb"},"inLanguage":"de","potentialAction":[{"@type":"ReadAction","target":["https:\/\/www.physio-muenster.com\/?page_id=25"]}]},{"@type":"BreadcrumbList","@id":"https:\/\/www.physio-muenster.com\/?page_id=25#breadcrumb","itemListElement":[{"@type":"ListItem","position":1,"name":"Startseite","item":"https:\/\/www.physio-muenster.com\/"},{"@type":"ListItem","position":2,"name":"Verrechnung \/ Verordnung"}]}]}},"_links":{"self":[{"href":"https:\/\/www.physio-muenster.com\/index.php?rest_route=\/wp\/v2\/pages\/25"}],"collection":[{"href":"https:\/\/www.physio-muenster.com\/index.php?rest_route=\/wp\/v2\/pages"}],"about":[{"href":"https:\/\/www.physio-muenster.com\/index.php?rest_route=\/wp\/v2\/types\/page"}],"author":[{"embeddable":true,"href":"https:\/\/www.physio-muenster.com\/index.php?rest_route=\/wp\/v2\/users\/1"}],"replies":[{"embeddable":true,"href":"https:\/\/www.physio-muenster.com\/index.php?rest_route=%2Fwp%2Fv2%2Fcomments&post=25"}],"version-history":[{"count":1,"href":"https:\/\/www.physio-muenster.com\/index.php?rest_route=\/wp\/v2\/pages\/25\/revisions"}],"predecessor-version":[{"id":26,"href":"https:\/\/www.physio-muenster.com\/index.php?rest_route=\/wp\/v2\/pages\/25\/revisions\/26"}],"wp:attachment":[{"href":"https:\/\/www.physio-muenster.com\/index.php?rest_route=%2Fwp%2Fv2%2Fmedia&parent=25"}],"curies":[{"name":"wp","href":"https:\/\/api.w.org\/{rel}","templated":true}]}}