{"id":33,"date":"2020-08-04T07:49:08","date_gmt":"2020-08-04T07:49:08","guid":{"rendered":"http:\/\/wp.physio-muenster.com\/?page_id=33"},"modified":"2020-08-04T07:49:08","modified_gmt":"2020-08-04T07:49:08","slug":"datenschutz","status":"publish","type":"page","link":"https:\/\/www.physio-muenster.com\/?page_id=33","title":{"rendered":"Datenschutz"},"content":{"rendered":"\n<p><strong>Patienteninformation zum Datenschutz<\/strong><\/p>\n\n\n\n<p>Sehr geehrte Patientin, sehr geehrter Patient,<\/p>\n\n\n\n<p>der Schutz Ihrer personenbezogenen Daten ist uns wichtig. Nach der EU-Datenschutz-Grundverordnung DSGVO) sind wir verpflichtet, Sie dar\u00fcber zu informieren, zu welchem Zweck unsere Praxis Daten erhebt, speichert oder weiterleitet. Dieser Information k\u00f6nnen Sie auch entnehmen, welche Rechte Sie haben.<\/p>\n\n\n\n<p><strong>Verantwortlichkeit f\u00fcr die Datenverarbeitung<\/strong><\/p>\n\n\n\n<p>Praxisgemeinschaft:&nbsp;<\/p>\n\n\n\n<p>Angelica Hanle und Petra Nolte, K\u00f6sliner Strassse 67, 48147 M\u00fcnster Telefon: 0251\/234367<\/p>\n\n\n\n<p><strong>Zweck der Datenverarbeitung<\/strong><\/p>\n\n\n\n<p>Durchf\u00fchrung und Abrechnung von Heilbehandlungen durch Abgabe von Heilmitteln und\/ oder Durchf\u00fchrung und Abrechnung von Diagnostik und Heilbehandlungen als Heilpraktiker und\/ oder Durchf\u00fchrung und Abrechnung von Einzelbehandlungen aus Selbstzahlerbasis und\/ oder Durchf\u00fchrung und Abrechnung von betreuten Gesundheitskursen und Hausbesuchen<\/p>\n\n\n\n<p><strong>Heilmittel<\/strong><\/p>\n\n\n\n<p>F\u00fcr die Abgabe von Heilmitteln ist unsere Einrichtung in die vertrags\u00e4rztliche Versorgung mit Heilmitteln als zugelassene Leistungserbringerin eingebunden ( Kassenzulassung). \u00dcber Rahmenvertr\u00e4ge sind wir f\u00fcr die Abrechnung von Leistungen gegen\u00fcber den gesetzlichen Krankenkassen verpflichtet, folgende Informationen bereit zu stellen: Abrechnungsdaten, &nbsp;Rezepte im Original.<\/p>\n\n\n\n<p><strong>Alle weiteren Leistungen<\/strong><\/p>\n\n\n\n<p>F\u00fcr die Durchf\u00fchrung aller weiteren Leistungen besitzen wir die entsprechenden Qualifikationen, grunds\u00e4tzlich verf\u00fcgt jede\/r TherapeutIn \u00fcber Kenntnisse in Manuelle Therapie,\u201c Neurophysiologie\u201c, Lymphdrainage durch die Ausbildung und in Form von Fortbildungs- und\/ oder Qualifikationskursen.<\/p>\n\n\n\n<p><strong>Empf\u00e4nger Ihrer Daten<\/strong><\/p>\n\n\n\n<p>Wir \u00fcbermitteln Ihre personenbezogenen Daten nur dann an Dritte, wenn dies gesetzlich erlaubt ist oder Sie eingewilligt haben. Empf\u00e4nger Ihrer personenbezogenen Daten k\u00f6nnen vor allem andere \u00c4rzte, andere Therapeuten, Krankenkassen, der Medizinische Dienst der Krankenversicherung, Steuerberater, Finanzamt&nbsp; und&nbsp; das Optica-Abrechnungszentrum Dr. G\u00fcldener GmbH, Marienstr. 12, 70178 Stuttgart sein. Die \u00dcbermittlung erfolgt \u00fcberwiegend zum Zweck der Abrechnung der bei Ihnen erbrachten Leistungen, zur Kl\u00e4rung von medizinischen und aus Ihrem Versicherungsverh\u00e4ltnis ergebenden Fragen. Im Einzelfall erfolgt die \u00dcbermittlung von Daten an weitere berechtigte Empf\u00e4nger.<\/p>\n\n\n\n<p><strong>Speicherung Ihrer Daten<\/strong><\/p>\n\n\n\n<p>Wir bewahren Ihre personenbezogenen Daten nur so lange auf, wie dies gesetzlich erforderlich ist. Auf Grund der rechtlichen Vorgaben sind wir dazu verpflichtet, diese Daten zehn Jahre nach Abschluss der Behandlung aufzubewahren.<\/p>\n\n\n\n<p><strong>Ihre Rechte<\/strong><\/p>\n\n\n\n<p>Sie haben das Recht, \u00fcber die Sie betreffenden personenbezogenen Daten Auskunft zu erhalten undk\u00f6nnen die Korrektur falscher Daten verlangen. Dar\u00fcber hinaus steht Ihnen unter bestimmten Voraussetzungen das Recht auf&nbsp; L\u00f6schung von Daten, das Recht auf Einschr\u00e4nkung der&nbsp; Datenverarbeitung, sowie das Recht auf Daten\u00fcbertragbarkeit zu. Die Verarbeitung Ihrer Daten erfolgt auf Basis von gesetzlichen Regelungen. Nur in Ausnahmef\u00e4llen ben\u00f6tigen wir Ihr Einverst\u00e4ndnis. In diesen F\u00e4llen haben Sie das Recht, die Einwilligung f\u00fcr die zuk\u00fcnftige Verarbeitung zu widerrufen. Sie haben ferner das Recht, sich bei der zust\u00e4ndigen Aufsichtsbeh\u00f6rde f\u00fcr den Datenschutz zu beschweren, wenn Sie der Ansicht sind, dass die Verarbeitung Ihrer personenbezogenen Daten nicht rechtm\u00e4\u00dfig erfolgt.<\/p>\n\n\n\n<p><strong>Rechtliche Grundlage<\/strong><\/p>\n\n\n\n<p>Rechtsgrundlage f\u00fcr die Verarbeitung Ihrer Gesundheitsdaten ist Artikel 9 Absatz 2 lit. h) DSGVO in Verbindung mit Paragraf 22 Absatz 1 lit. b) Bundesdatenschutzgesetz.<\/p>\n\n\n\n<p>Sollten Sie Fragen haben, k\u00f6nnen Sie sich gerne an uns wenden.<\/p>\n","protected":false},"excerpt":{"rendered":"<p>Patienteninformation zum Datenschutz Sehr geehrte Patientin, sehr geehrter Patient, der Schutz Ihrer personenbezogenen Daten ist uns wichtig. Nach der EU-Datenschutz-Grundverordnung DSGVO) sind wir verpflichtet, Sie dar\u00fcber zu informieren, zu welchem Zweck unsere Praxis Daten erhebt, speichert oder weiterleitet. Dieser Information k\u00f6nnen Sie auch entnehmen, welche Rechte Sie haben. Verantwortlichkeit f\u00fcr die Datenverarbeitung Praxisgemeinschaft:&nbsp; Angelica Hanle [&hellip;]<\/p>\n","protected":false},"author":1,"featured_media":0,"parent":0,"menu_order":0,"comment_status":"closed","ping_status":"closed","template":"","meta":[],"yoast_head":"<!-- This site is optimized with the Yoast SEO plugin v19.4 - https:\/\/yoast.com\/wordpress\/plugins\/seo\/ -->\n<title>Datenschutz - Krankengymnastik M\u00fcnster<\/title>\n<meta name=\"robots\" content=\"index, follow, max-snippet:-1, max-image-preview:large, max-video-preview:-1\" \/>\n<link rel=\"canonical\" href=\"https:\/\/www.physio-muenster.com\/?page_id=33\" \/>\n<meta property=\"og:locale\" content=\"de_DE\" \/>\n<meta property=\"og:type\" content=\"article\" \/>\n<meta property=\"og:title\" content=\"Datenschutz - Krankengymnastik M\u00fcnster\" \/>\n<meta property=\"og:description\" content=\"Patienteninformation zum Datenschutz Sehr geehrte Patientin, sehr geehrter Patient, der Schutz Ihrer personenbezogenen Daten ist uns wichtig. Nach der EU-Datenschutz-Grundverordnung DSGVO) sind wir verpflichtet, Sie dar\u00fcber zu informieren, zu welchem Zweck unsere Praxis Daten erhebt, speichert oder weiterleitet. Dieser Information k\u00f6nnen Sie auch entnehmen, welche Rechte Sie haben. Verantwortlichkeit f\u00fcr die Datenverarbeitung Praxisgemeinschaft:&nbsp; Angelica Hanle [&hellip;]\" \/>\n<meta property=\"og:url\" content=\"https:\/\/www.physio-muenster.com\/?page_id=33\" \/>\n<meta property=\"og:site_name\" content=\"Krankengymnastik M\u00fcnster\" \/>\n<meta name=\"twitter:card\" content=\"summary_large_image\" \/>\n<meta name=\"twitter:label1\" content=\"Gesch\u00e4tzte Lesezeit\" \/>\n\t<meta name=\"twitter:data1\" content=\"2\u00a0Minuten\" \/>\n<script type=\"application\/ld+json\" class=\"yoast-schema-graph\">{\"@context\":\"https:\/\/schema.org\",\"@graph\":[{\"@type\":\"Organization\",\"@id\":\"https:\/\/www.physio-muenster.com\/#organization\",\"name\":\"Krankengymnastik M\u00fcnster\",\"url\":\"https:\/\/www.physio-muenster.com\/\",\"sameAs\":[],\"logo\":{\"@type\":\"ImageObject\",\"inLanguage\":\"de\",\"@id\":\"https:\/\/www.physio-muenster.com\/#\/schema\/logo\/image\/\",\"url\":\"https:\/\/www.physio-muenster.com\/wp-content\/uploads\/2020\/08\/cropped-logo-1.jpg\",\"contentUrl\":\"https:\/\/www.physio-muenster.com\/wp-content\/uploads\/2020\/08\/cropped-logo-1.jpg\",\"width\":150,\"height\":150,\"caption\":\"Krankengymnastik M\u00fcnster\"},\"image\":{\"@id\":\"https:\/\/www.physio-muenster.com\/#\/schema\/logo\/image\/\"}},{\"@type\":\"WebSite\",\"@id\":\"https:\/\/www.physio-muenster.com\/#website\",\"url\":\"https:\/\/www.physio-muenster.com\/\",\"name\":\"Krankengymnastik M\u00fcnster\",\"description\":\"Angelica Hanle - Petra Nolte\",\"publisher\":{\"@id\":\"https:\/\/www.physio-muenster.com\/#organization\"},\"potentialAction\":[{\"@type\":\"SearchAction\",\"target\":{\"@type\":\"EntryPoint\",\"urlTemplate\":\"https:\/\/www.physio-muenster.com\/?s={search_term_string}\"},\"query-input\":\"required name=search_term_string\"}],\"inLanguage\":\"de\"},{\"@type\":\"WebPage\",\"@id\":\"https:\/\/www.physio-muenster.com\/?page_id=33\",\"url\":\"https:\/\/www.physio-muenster.com\/?page_id=33\",\"name\":\"Datenschutz - Krankengymnastik M\u00fcnster\",\"isPartOf\":{\"@id\":\"https:\/\/www.physio-muenster.com\/#website\"},\"datePublished\":\"2020-08-04T07:49:08+00:00\",\"dateModified\":\"2020-08-04T07:49:08+00:00\",\"breadcrumb\":{\"@id\":\"https:\/\/www.physio-muenster.com\/?page_id=33#breadcrumb\"},\"inLanguage\":\"de\",\"potentialAction\":[{\"@type\":\"ReadAction\",\"target\":[\"https:\/\/www.physio-muenster.com\/?page_id=33\"]}]},{\"@type\":\"BreadcrumbList\",\"@id\":\"https:\/\/www.physio-muenster.com\/?page_id=33#breadcrumb\",\"itemListElement\":[{\"@type\":\"ListItem\",\"position\":1,\"name\":\"Startseite\",\"item\":\"https:\/\/www.physio-muenster.com\/\"},{\"@type\":\"ListItem\",\"position\":2,\"name\":\"Datenschutz\"}]}]}<\/script>\n<!-- \/ Yoast SEO plugin. -->","yoast_head_json":{"title":"Datenschutz - Krankengymnastik M\u00fcnster","robots":{"index":"index","follow":"follow","max-snippet":"max-snippet:-1","max-image-preview":"max-image-preview:large","max-video-preview":"max-video-preview:-1"},"canonical":"https:\/\/www.physio-muenster.com\/?page_id=33","og_locale":"de_DE","og_type":"article","og_title":"Datenschutz - Krankengymnastik M\u00fcnster","og_description":"Patienteninformation zum Datenschutz Sehr geehrte Patientin, sehr geehrter Patient, der Schutz Ihrer personenbezogenen Daten ist uns wichtig. Nach der EU-Datenschutz-Grundverordnung DSGVO) sind wir verpflichtet, Sie dar\u00fcber zu informieren, zu welchem Zweck unsere Praxis Daten erhebt, speichert oder weiterleitet. Dieser Information k\u00f6nnen Sie auch entnehmen, welche Rechte Sie haben. Verantwortlichkeit f\u00fcr die Datenverarbeitung Praxisgemeinschaft:&nbsp; Angelica Hanle [&hellip;]","og_url":"https:\/\/www.physio-muenster.com\/?page_id=33","og_site_name":"Krankengymnastik M\u00fcnster","twitter_card":"summary_large_image","twitter_misc":{"Gesch\u00e4tzte Lesezeit":"2\u00a0Minuten"},"schema":{"@context":"https:\/\/schema.org","@graph":[{"@type":"Organization","@id":"https:\/\/www.physio-muenster.com\/#organization","name":"Krankengymnastik M\u00fcnster","url":"https:\/\/www.physio-muenster.com\/","sameAs":[],"logo":{"@type":"ImageObject","inLanguage":"de","@id":"https:\/\/www.physio-muenster.com\/#\/schema\/logo\/image\/","url":"https:\/\/www.physio-muenster.com\/wp-content\/uploads\/2020\/08\/cropped-logo-1.jpg","contentUrl":"https:\/\/www.physio-muenster.com\/wp-content\/uploads\/2020\/08\/cropped-logo-1.jpg","width":150,"height":150,"caption":"Krankengymnastik M\u00fcnster"},"image":{"@id":"https:\/\/www.physio-muenster.com\/#\/schema\/logo\/image\/"}},{"@type":"WebSite","@id":"https:\/\/www.physio-muenster.com\/#website","url":"https:\/\/www.physio-muenster.com\/","name":"Krankengymnastik M\u00fcnster","description":"Angelica Hanle - Petra Nolte","publisher":{"@id":"https:\/\/www.physio-muenster.com\/#organization"},"potentialAction":[{"@type":"SearchAction","target":{"@type":"EntryPoint","urlTemplate":"https:\/\/www.physio-muenster.com\/?s={search_term_string}"},"query-input":"required name=search_term_string"}],"inLanguage":"de"},{"@type":"WebPage","@id":"https:\/\/www.physio-muenster.com\/?page_id=33","url":"https:\/\/www.physio-muenster.com\/?page_id=33","name":"Datenschutz - Krankengymnastik M\u00fcnster","isPartOf":{"@id":"https:\/\/www.physio-muenster.com\/#website"},"datePublished":"2020-08-04T07:49:08+00:00","dateModified":"2020-08-04T07:49:08+00:00","breadcrumb":{"@id":"https:\/\/www.physio-muenster.com\/?page_id=33#breadcrumb"},"inLanguage":"de","potentialAction":[{"@type":"ReadAction","target":["https:\/\/www.physio-muenster.com\/?page_id=33"]}]},{"@type":"BreadcrumbList","@id":"https:\/\/www.physio-muenster.com\/?page_id=33#breadcrumb","itemListElement":[{"@type":"ListItem","position":1,"name":"Startseite","item":"https:\/\/www.physio-muenster.com\/"},{"@type":"ListItem","position":2,"name":"Datenschutz"}]}]}},"_links":{"self":[{"href":"https:\/\/www.physio-muenster.com\/index.php?rest_route=\/wp\/v2\/pages\/33"}],"collection":[{"href":"https:\/\/www.physio-muenster.com\/index.php?rest_route=\/wp\/v2\/pages"}],"about":[{"href":"https:\/\/www.physio-muenster.com\/index.php?rest_route=\/wp\/v2\/types\/page"}],"author":[{"embeddable":true,"href":"https:\/\/www.physio-muenster.com\/index.php?rest_route=\/wp\/v2\/users\/1"}],"replies":[{"embeddable":true,"href":"https:\/\/www.physio-muenster.com\/index.php?rest_route=%2Fwp%2Fv2%2Fcomments&post=33"}],"version-history":[{"count":1,"href":"https:\/\/www.physio-muenster.com\/index.php?rest_route=\/wp\/v2\/pages\/33\/revisions"}],"predecessor-version":[{"id":34,"href":"https:\/\/www.physio-muenster.com\/index.php?rest_route=\/wp\/v2\/pages\/33\/revisions\/34"}],"wp:attachment":[{"href":"https:\/\/www.physio-muenster.com\/index.php?rest_route=%2Fwp%2Fv2%2Fmedia&parent=33"}],"curies":[{"name":"wp","href":"https:\/\/api.w.org\/{rel}","templated":true}]}}