{"id":44,"date":"2020-08-04T07:55:19","date_gmt":"2020-08-04T07:55:19","guid":{"rendered":"http:\/\/wp.physio-muenster.com\/?page_id=44"},"modified":"2020-08-04T07:55:43","modified_gmt":"2020-08-04T07:55:43","slug":"der-werdegang-unserer-praxis","status":"publish","type":"page","link":"https:\/\/www.physio-muenster.com\/?page_id=44","title":{"rendered":"Der Werdegang unserer Praxis"},"content":{"rendered":"\n<p>Wir, Angelica Hanle (Examen 1986 an der Orthop\u00e4dischen Universit\u00e4tsklinik Friedrichsheim, Frankfurt am Main) und Petra Nolte (Examen 1987 am Klinikum\/ Rehazentrum in Karlsbad-Langensteinbach) begegneten uns das erste Mal w\u00e4hrend unseres Anerkennungsjahres 1987 in den Westf\u00e4lischen Wilhelms Universit\u00e4tskliniken in M\u00fcnster.<\/p>\n\n\n\n<p>Danach trennten sich unsere Wege f\u00fcr einige Jahre, in denen wir zahlreiche Fort- und Weiterbildungen absolvierten und unabh\u00e4ngig voneinander Beide auf einen ganzheitlichen Denkansatz in der Therapie kamen.<\/p>\n\n\n\n<p>1992 trafen wir uns als Angestellte in einer M\u00fcnsteraner Krankengymnastikpraxis wieder, die mit genau diesem \u201ealternativen\u201c Ansatz arbeitete. Aus diesem erneuten Kontakt entwickelte sich eine Idee, die nun schon seit 1994 in Form einer gemeinsamen Praxis erfolgreich umgesetzt und kontinuierlich berufsbegleitend weiter entwickelt wird.<\/p>\n\n\n\n<p>Hierzu z\u00e4hlen auch artverwandte Ausbildungen als HeilpraktikerInnen, Hypnosetherapeutin, in Systemischer Aufstellungsarbeit und Supervision beziehungsweise Coaching.<\/p>\n\n\n\n<p><strong>UNSER MOTTO:<\/strong>&nbsp;Unm\u00f6glich ist nur das, was nicht versucht wird.<\/p>\n","protected":false},"excerpt":{"rendered":"<p>Wir, Angelica Hanle (Examen 1986 an der Orthop\u00e4dischen Universit\u00e4tsklinik Friedrichsheim, Frankfurt am Main) und Petra Nolte (Examen 1987 am Klinikum\/ Rehazentrum in Karlsbad-Langensteinbach) begegneten uns das erste Mal w\u00e4hrend unseres Anerkennungsjahres 1987 in den Westf\u00e4lischen Wilhelms Universit\u00e4tskliniken in M\u00fcnster. Danach trennten sich unsere Wege f\u00fcr einige Jahre, in denen wir zahlreiche Fort- und Weiterbildungen absolvierten [&hellip;]<\/p>\n","protected":false},"author":1,"featured_media":0,"parent":2,"menu_order":0,"comment_status":"closed","ping_status":"closed","template":"","meta":[],"yoast_head":"<!-- This site is optimized with the Yoast SEO plugin v19.4 - https:\/\/yoast.com\/wordpress\/plugins\/seo\/ -->\n<title>Der Werdegang unserer Praxis - Krankengymnastik M\u00fcnster<\/title>\n<meta name=\"robots\" content=\"index, follow, max-snippet:-1, max-image-preview:large, max-video-preview:-1\" \/>\n<link rel=\"canonical\" href=\"https:\/\/www.physio-muenster.com\/?page_id=44\" \/>\n<meta property=\"og:locale\" content=\"de_DE\" \/>\n<meta property=\"og:type\" content=\"article\" \/>\n<meta property=\"og:title\" content=\"Der Werdegang unserer Praxis - Krankengymnastik M\u00fcnster\" \/>\n<meta property=\"og:description\" content=\"Wir, Angelica Hanle (Examen 1986 an der Orthop\u00e4dischen Universit\u00e4tsklinik Friedrichsheim, Frankfurt am Main) und Petra Nolte (Examen 1987 am Klinikum\/ Rehazentrum in Karlsbad-Langensteinbach) begegneten uns das erste Mal w\u00e4hrend unseres Anerkennungsjahres 1987 in den Westf\u00e4lischen Wilhelms Universit\u00e4tskliniken in M\u00fcnster. Danach trennten sich unsere Wege f\u00fcr einige Jahre, in denen wir zahlreiche Fort- und Weiterbildungen absolvierten [&hellip;]\" \/>\n<meta property=\"og:url\" content=\"https:\/\/www.physio-muenster.com\/?page_id=44\" \/>\n<meta property=\"og:site_name\" content=\"Krankengymnastik M\u00fcnster\" \/>\n<meta property=\"article:modified_time\" content=\"2020-08-04T07:55:43+00:00\" \/>\n<meta name=\"twitter:card\" content=\"summary_large_image\" \/>\n<meta name=\"twitter:label1\" content=\"Gesch\u00e4tzte Lesezeit\" \/>\n\t<meta name=\"twitter:data1\" content=\"1\u00a0Minute\" \/>\n<script type=\"application\/ld+json\" class=\"yoast-schema-graph\">{\"@context\":\"https:\/\/schema.org\",\"@graph\":[{\"@type\":\"Organization\",\"@id\":\"https:\/\/www.physio-muenster.com\/#organization\",\"name\":\"Krankengymnastik M\u00fcnster\",\"url\":\"https:\/\/www.physio-muenster.com\/\",\"sameAs\":[],\"logo\":{\"@type\":\"ImageObject\",\"inLanguage\":\"de\",\"@id\":\"https:\/\/www.physio-muenster.com\/#\/schema\/logo\/image\/\",\"url\":\"https:\/\/www.physio-muenster.com\/wp-content\/uploads\/2020\/08\/cropped-logo-1.jpg\",\"contentUrl\":\"https:\/\/www.physio-muenster.com\/wp-content\/uploads\/2020\/08\/cropped-logo-1.jpg\",\"width\":150,\"height\":150,\"caption\":\"Krankengymnastik M\u00fcnster\"},\"image\":{\"@id\":\"https:\/\/www.physio-muenster.com\/#\/schema\/logo\/image\/\"}},{\"@type\":\"WebSite\",\"@id\":\"https:\/\/www.physio-muenster.com\/#website\",\"url\":\"https:\/\/www.physio-muenster.com\/\",\"name\":\"Krankengymnastik M\u00fcnster\",\"description\":\"Angelica Hanle - Petra Nolte\",\"publisher\":{\"@id\":\"https:\/\/www.physio-muenster.com\/#organization\"},\"potentialAction\":[{\"@type\":\"SearchAction\",\"target\":{\"@type\":\"EntryPoint\",\"urlTemplate\":\"https:\/\/www.physio-muenster.com\/?s={search_term_string}\"},\"query-input\":\"required name=search_term_string\"}],\"inLanguage\":\"de\"},{\"@type\":\"WebPage\",\"@id\":\"https:\/\/www.physio-muenster.com\/?page_id=44\",\"url\":\"https:\/\/www.physio-muenster.com\/?page_id=44\",\"name\":\"Der Werdegang unserer Praxis - Krankengymnastik M\u00fcnster\",\"isPartOf\":{\"@id\":\"https:\/\/www.physio-muenster.com\/#website\"},\"datePublished\":\"2020-08-04T07:55:19+00:00\",\"dateModified\":\"2020-08-04T07:55:43+00:00\",\"breadcrumb\":{\"@id\":\"https:\/\/www.physio-muenster.com\/?page_id=44#breadcrumb\"},\"inLanguage\":\"de\",\"potentialAction\":[{\"@type\":\"ReadAction\",\"target\":[\"https:\/\/www.physio-muenster.com\/?page_id=44\"]}]},{\"@type\":\"BreadcrumbList\",\"@id\":\"https:\/\/www.physio-muenster.com\/?page_id=44#breadcrumb\",\"itemListElement\":[{\"@type\":\"ListItem\",\"position\":1,\"name\":\"Startseite\",\"item\":\"https:\/\/www.physio-muenster.com\/\"},{\"@type\":\"ListItem\",\"position\":2,\"name\":\"\u00dcber uns\",\"item\":\"https:\/\/www.physio-muenster.com\/\"},{\"@type\":\"ListItem\",\"position\":3,\"name\":\"Der Werdegang unserer Praxis\"}]}]}<\/script>\n<!-- \/ Yoast SEO plugin. -->","yoast_head_json":{"title":"Der Werdegang unserer Praxis - Krankengymnastik M\u00fcnster","robots":{"index":"index","follow":"follow","max-snippet":"max-snippet:-1","max-image-preview":"max-image-preview:large","max-video-preview":"max-video-preview:-1"},"canonical":"https:\/\/www.physio-muenster.com\/?page_id=44","og_locale":"de_DE","og_type":"article","og_title":"Der Werdegang unserer Praxis - Krankengymnastik M\u00fcnster","og_description":"Wir, Angelica Hanle (Examen 1986 an der Orthop\u00e4dischen Universit\u00e4tsklinik Friedrichsheim, Frankfurt am Main) und Petra Nolte (Examen 1987 am Klinikum\/ Rehazentrum in Karlsbad-Langensteinbach) begegneten uns das erste Mal w\u00e4hrend unseres Anerkennungsjahres 1987 in den Westf\u00e4lischen Wilhelms Universit\u00e4tskliniken in M\u00fcnster. Danach trennten sich unsere Wege f\u00fcr einige Jahre, in denen wir zahlreiche Fort- und Weiterbildungen absolvierten [&hellip;]","og_url":"https:\/\/www.physio-muenster.com\/?page_id=44","og_site_name":"Krankengymnastik M\u00fcnster","article_modified_time":"2020-08-04T07:55:43+00:00","twitter_card":"summary_large_image","twitter_misc":{"Gesch\u00e4tzte Lesezeit":"1\u00a0Minute"},"schema":{"@context":"https:\/\/schema.org","@graph":[{"@type":"Organization","@id":"https:\/\/www.physio-muenster.com\/#organization","name":"Krankengymnastik M\u00fcnster","url":"https:\/\/www.physio-muenster.com\/","sameAs":[],"logo":{"@type":"ImageObject","inLanguage":"de","@id":"https:\/\/www.physio-muenster.com\/#\/schema\/logo\/image\/","url":"https:\/\/www.physio-muenster.com\/wp-content\/uploads\/2020\/08\/cropped-logo-1.jpg","contentUrl":"https:\/\/www.physio-muenster.com\/wp-content\/uploads\/2020\/08\/cropped-logo-1.jpg","width":150,"height":150,"caption":"Krankengymnastik M\u00fcnster"},"image":{"@id":"https:\/\/www.physio-muenster.com\/#\/schema\/logo\/image\/"}},{"@type":"WebSite","@id":"https:\/\/www.physio-muenster.com\/#website","url":"https:\/\/www.physio-muenster.com\/","name":"Krankengymnastik M\u00fcnster","description":"Angelica Hanle - Petra Nolte","publisher":{"@id":"https:\/\/www.physio-muenster.com\/#organization"},"potentialAction":[{"@type":"SearchAction","target":{"@type":"EntryPoint","urlTemplate":"https:\/\/www.physio-muenster.com\/?s={search_term_string}"},"query-input":"required name=search_term_string"}],"inLanguage":"de"},{"@type":"WebPage","@id":"https:\/\/www.physio-muenster.com\/?page_id=44","url":"https:\/\/www.physio-muenster.com\/?page_id=44","name":"Der Werdegang unserer Praxis - Krankengymnastik M\u00fcnster","isPartOf":{"@id":"https:\/\/www.physio-muenster.com\/#website"},"datePublished":"2020-08-04T07:55:19+00:00","dateModified":"2020-08-04T07:55:43+00:00","breadcrumb":{"@id":"https:\/\/www.physio-muenster.com\/?page_id=44#breadcrumb"},"inLanguage":"de","potentialAction":[{"@type":"ReadAction","target":["https:\/\/www.physio-muenster.com\/?page_id=44"]}]},{"@type":"BreadcrumbList","@id":"https:\/\/www.physio-muenster.com\/?page_id=44#breadcrumb","itemListElement":[{"@type":"ListItem","position":1,"name":"Startseite","item":"https:\/\/www.physio-muenster.com\/"},{"@type":"ListItem","position":2,"name":"\u00dcber uns","item":"https:\/\/www.physio-muenster.com\/"},{"@type":"ListItem","position":3,"name":"Der Werdegang unserer Praxis"}]}]}},"_links":{"self":[{"href":"https:\/\/www.physio-muenster.com\/index.php?rest_route=\/wp\/v2\/pages\/44"}],"collection":[{"href":"https:\/\/www.physio-muenster.com\/index.php?rest_route=\/wp\/v2\/pages"}],"about":[{"href":"https:\/\/www.physio-muenster.com\/index.php?rest_route=\/wp\/v2\/types\/page"}],"author":[{"embeddable":true,"href":"https:\/\/www.physio-muenster.com\/index.php?rest_route=\/wp\/v2\/users\/1"}],"replies":[{"embeddable":true,"href":"https:\/\/www.physio-muenster.com\/index.php?rest_route=%2Fwp%2Fv2%2Fcomments&post=44"}],"version-history":[{"count":1,"href":"https:\/\/www.physio-muenster.com\/index.php?rest_route=\/wp\/v2\/pages\/44\/revisions"}],"predecessor-version":[{"id":46,"href":"https:\/\/www.physio-muenster.com\/index.php?rest_route=\/wp\/v2\/pages\/44\/revisions\/46"}],"up":[{"embeddable":true,"href":"https:\/\/www.physio-muenster.com\/index.php?rest_route=\/wp\/v2\/pages\/2"}],"wp:attachment":[{"href":"https:\/\/www.physio-muenster.com\/index.php?rest_route=%2Fwp%2Fv2%2Fmedia&parent=44"}],"curies":[{"name":"wp","href":"https:\/\/api.w.org\/{rel}","templated":true}]}}