{"id":77,"date":"2020-11-06T11:52:34","date_gmt":"2020-11-06T11:52:34","guid":{"rendered":"http:\/\/wp.physio-muenster.com\/?page_id=77"},"modified":"2020-11-06T11:52:34","modified_gmt":"2020-11-06T11:52:34","slug":"unsere-mitarbeiterinnen","status":"publish","type":"page","link":"https:\/\/www.physio-muenster.com\/?page_id=77","title":{"rendered":"Unsere MitarbeiterInnen"},"content":{"rendered":"<p>Unsere MitarbeiterInnen sind qualifizierte KrankengymnastInnen aus den verschiedensten, uns unterst\u00fctzenden bzw. erg\u00e4nzenden Fachrichtungen (s. unter Methoden).<\/p>\n<p>Wir legen gro\u00dfen Wert auf langfristige, kontinuierliche und harmonische Zusammenarbeit f\u00fcr uns im Team und f\u00fcr unsere PatientInnen, sowohl f\u00fcr den Akut- als auch f\u00fcr den Langzeittherapiebereich.<\/p>\n","protected":false},"excerpt":{"rendered":"<p>Unsere MitarbeiterInnen sind qualifizierte KrankengymnastInnen aus den verschiedensten, uns unterst\u00fctzenden bzw. erg\u00e4nzenden Fachrichtungen (s. unter Methoden). Wir legen gro\u00dfen Wert auf langfristige, kontinuierliche und harmonische Zusammenarbeit f\u00fcr uns im Team und f\u00fcr unsere PatientInnen, sowohl f\u00fcr den Akut- als auch f\u00fcr den Langzeittherapiebereich.<\/p>\n","protected":false},"author":1,"featured_media":0,"parent":2,"menu_order":0,"comment_status":"closed","ping_status":"closed","template":"","meta":[],"yoast_head":"<!-- This site is optimized with the Yoast SEO plugin v19.4 - https:\/\/yoast.com\/wordpress\/plugins\/seo\/ -->\n<title>Unsere MitarbeiterInnen - Krankengymnastik M\u00fcnster<\/title>\n<meta name=\"robots\" content=\"index, follow, max-snippet:-1, max-image-preview:large, max-video-preview:-1\" \/>\n<link rel=\"canonical\" href=\"https:\/\/www.physio-muenster.com\/?page_id=77\" \/>\n<meta property=\"og:locale\" content=\"de_DE\" \/>\n<meta property=\"og:type\" content=\"article\" \/>\n<meta property=\"og:title\" content=\"Unsere MitarbeiterInnen - Krankengymnastik M\u00fcnster\" \/>\n<meta property=\"og:description\" content=\"Unsere MitarbeiterInnen sind qualifizierte KrankengymnastInnen aus den verschiedensten, uns unterst\u00fctzenden bzw. erg\u00e4nzenden Fachrichtungen (s. unter Methoden). Wir legen gro\u00dfen Wert auf langfristige, kontinuierliche und harmonische Zusammenarbeit f\u00fcr uns im Team und f\u00fcr unsere PatientInnen, sowohl f\u00fcr den Akut- als auch f\u00fcr den Langzeittherapiebereich.\" \/>\n<meta property=\"og:url\" content=\"https:\/\/www.physio-muenster.com\/?page_id=77\" \/>\n<meta property=\"og:site_name\" content=\"Krankengymnastik M\u00fcnster\" \/>\n<meta name=\"twitter:card\" content=\"summary_large_image\" \/>\n<script type=\"application\/ld+json\" class=\"yoast-schema-graph\">{\"@context\":\"https:\/\/schema.org\",\"@graph\":[{\"@type\":\"Organization\",\"@id\":\"https:\/\/www.physio-muenster.com\/#organization\",\"name\":\"Krankengymnastik M\u00fcnster\",\"url\":\"https:\/\/www.physio-muenster.com\/\",\"sameAs\":[],\"logo\":{\"@type\":\"ImageObject\",\"inLanguage\":\"de\",\"@id\":\"https:\/\/www.physio-muenster.com\/#\/schema\/logo\/image\/\",\"url\":\"https:\/\/www.physio-muenster.com\/wp-content\/uploads\/2020\/08\/cropped-logo-1.jpg\",\"contentUrl\":\"https:\/\/www.physio-muenster.com\/wp-content\/uploads\/2020\/08\/cropped-logo-1.jpg\",\"width\":150,\"height\":150,\"caption\":\"Krankengymnastik M\u00fcnster\"},\"image\":{\"@id\":\"https:\/\/www.physio-muenster.com\/#\/schema\/logo\/image\/\"}},{\"@type\":\"WebSite\",\"@id\":\"https:\/\/www.physio-muenster.com\/#website\",\"url\":\"https:\/\/www.physio-muenster.com\/\",\"name\":\"Krankengymnastik M\u00fcnster\",\"description\":\"Angelica Hanle - Petra Nolte\",\"publisher\":{\"@id\":\"https:\/\/www.physio-muenster.com\/#organization\"},\"potentialAction\":[{\"@type\":\"SearchAction\",\"target\":{\"@type\":\"EntryPoint\",\"urlTemplate\":\"https:\/\/www.physio-muenster.com\/?s={search_term_string}\"},\"query-input\":\"required name=search_term_string\"}],\"inLanguage\":\"de\"},{\"@type\":\"WebPage\",\"@id\":\"https:\/\/www.physio-muenster.com\/?page_id=77\",\"url\":\"https:\/\/www.physio-muenster.com\/?page_id=77\",\"name\":\"Unsere MitarbeiterInnen - Krankengymnastik M\u00fcnster\",\"isPartOf\":{\"@id\":\"https:\/\/www.physio-muenster.com\/#website\"},\"datePublished\":\"2020-11-06T11:52:34+00:00\",\"dateModified\":\"2020-11-06T11:52:34+00:00\",\"breadcrumb\":{\"@id\":\"https:\/\/www.physio-muenster.com\/?page_id=77#breadcrumb\"},\"inLanguage\":\"de\",\"potentialAction\":[{\"@type\":\"ReadAction\",\"target\":[\"https:\/\/www.physio-muenster.com\/?page_id=77\"]}]},{\"@type\":\"BreadcrumbList\",\"@id\":\"https:\/\/www.physio-muenster.com\/?page_id=77#breadcrumb\",\"itemListElement\":[{\"@type\":\"ListItem\",\"position\":1,\"name\":\"Startseite\",\"item\":\"https:\/\/www.physio-muenster.com\/\"},{\"@type\":\"ListItem\",\"position\":2,\"name\":\"\u00dcber uns\",\"item\":\"https:\/\/www.physio-muenster.com\/\"},{\"@type\":\"ListItem\",\"position\":3,\"name\":\"Unsere MitarbeiterInnen\"}]}]}<\/script>\n<!-- \/ Yoast SEO plugin. -->","yoast_head_json":{"title":"Unsere MitarbeiterInnen - Krankengymnastik M\u00fcnster","robots":{"index":"index","follow":"follow","max-snippet":"max-snippet:-1","max-image-preview":"max-image-preview:large","max-video-preview":"max-video-preview:-1"},"canonical":"https:\/\/www.physio-muenster.com\/?page_id=77","og_locale":"de_DE","og_type":"article","og_title":"Unsere MitarbeiterInnen - Krankengymnastik M\u00fcnster","og_description":"Unsere MitarbeiterInnen sind qualifizierte KrankengymnastInnen aus den verschiedensten, uns unterst\u00fctzenden bzw. erg\u00e4nzenden Fachrichtungen (s. unter Methoden). Wir legen gro\u00dfen Wert auf langfristige, kontinuierliche und harmonische Zusammenarbeit f\u00fcr uns im Team und f\u00fcr unsere PatientInnen, sowohl f\u00fcr den Akut- als auch f\u00fcr den Langzeittherapiebereich.","og_url":"https:\/\/www.physio-muenster.com\/?page_id=77","og_site_name":"Krankengymnastik M\u00fcnster","twitter_card":"summary_large_image","schema":{"@context":"https:\/\/schema.org","@graph":[{"@type":"Organization","@id":"https:\/\/www.physio-muenster.com\/#organization","name":"Krankengymnastik M\u00fcnster","url":"https:\/\/www.physio-muenster.com\/","sameAs":[],"logo":{"@type":"ImageObject","inLanguage":"de","@id":"https:\/\/www.physio-muenster.com\/#\/schema\/logo\/image\/","url":"https:\/\/www.physio-muenster.com\/wp-content\/uploads\/2020\/08\/cropped-logo-1.jpg","contentUrl":"https:\/\/www.physio-muenster.com\/wp-content\/uploads\/2020\/08\/cropped-logo-1.jpg","width":150,"height":150,"caption":"Krankengymnastik M\u00fcnster"},"image":{"@id":"https:\/\/www.physio-muenster.com\/#\/schema\/logo\/image\/"}},{"@type":"WebSite","@id":"https:\/\/www.physio-muenster.com\/#website","url":"https:\/\/www.physio-muenster.com\/","name":"Krankengymnastik M\u00fcnster","description":"Angelica Hanle - Petra Nolte","publisher":{"@id":"https:\/\/www.physio-muenster.com\/#organization"},"potentialAction":[{"@type":"SearchAction","target":{"@type":"EntryPoint","urlTemplate":"https:\/\/www.physio-muenster.com\/?s={search_term_string}"},"query-input":"required name=search_term_string"}],"inLanguage":"de"},{"@type":"WebPage","@id":"https:\/\/www.physio-muenster.com\/?page_id=77","url":"https:\/\/www.physio-muenster.com\/?page_id=77","name":"Unsere MitarbeiterInnen - Krankengymnastik M\u00fcnster","isPartOf":{"@id":"https:\/\/www.physio-muenster.com\/#website"},"datePublished":"2020-11-06T11:52:34+00:00","dateModified":"2020-11-06T11:52:34+00:00","breadcrumb":{"@id":"https:\/\/www.physio-muenster.com\/?page_id=77#breadcrumb"},"inLanguage":"de","potentialAction":[{"@type":"ReadAction","target":["https:\/\/www.physio-muenster.com\/?page_id=77"]}]},{"@type":"BreadcrumbList","@id":"https:\/\/www.physio-muenster.com\/?page_id=77#breadcrumb","itemListElement":[{"@type":"ListItem","position":1,"name":"Startseite","item":"https:\/\/www.physio-muenster.com\/"},{"@type":"ListItem","position":2,"name":"\u00dcber uns","item":"https:\/\/www.physio-muenster.com\/"},{"@type":"ListItem","position":3,"name":"Unsere MitarbeiterInnen"}]}]}},"_links":{"self":[{"href":"https:\/\/www.physio-muenster.com\/index.php?rest_route=\/wp\/v2\/pages\/77"}],"collection":[{"href":"https:\/\/www.physio-muenster.com\/index.php?rest_route=\/wp\/v2\/pages"}],"about":[{"href":"https:\/\/www.physio-muenster.com\/index.php?rest_route=\/wp\/v2\/types\/page"}],"author":[{"embeddable":true,"href":"https:\/\/www.physio-muenster.com\/index.php?rest_route=\/wp\/v2\/users\/1"}],"replies":[{"embeddable":true,"href":"https:\/\/www.physio-muenster.com\/index.php?rest_route=%2Fwp%2Fv2%2Fcomments&post=77"}],"version-history":[{"count":1,"href":"https:\/\/www.physio-muenster.com\/index.php?rest_route=\/wp\/v2\/pages\/77\/revisions"}],"predecessor-version":[{"id":78,"href":"https:\/\/www.physio-muenster.com\/index.php?rest_route=\/wp\/v2\/pages\/77\/revisions\/78"}],"up":[{"embeddable":true,"href":"https:\/\/www.physio-muenster.com\/index.php?rest_route=\/wp\/v2\/pages\/2"}],"wp:attachment":[{"href":"https:\/\/www.physio-muenster.com\/index.php?rest_route=%2Fwp%2Fv2%2Fmedia&parent=77"}],"curies":[{"name":"wp","href":"https:\/\/api.w.org\/{rel}","templated":true}]}}